{"id":10719,"date":"2023-02-22T02:56:57","date_gmt":"2023-02-22T02:56:57","guid":{"rendered":"https:\/\/havanaindoors.net\/?page_id=10719"},"modified":"2023-07-11T15:49:39","modified_gmt":"2023-07-11T15:49:39","slug":"house-rules","status":"publish","type":"page","link":"https:\/\/havanaindoors.net\/es\/house-rules\/","title":{"rendered":"Reglas de la Casa"},"content":{"rendered":"<section class=\"wpb-content-wrapper\"><div id=\"idrules\" class=\"vc_row wpb_row st bg-holder\"><div class='container'><div class='row'>\n\t<div class=\"wpb_column column_container col-md-12\"><div class=\"vc_column-inner wpb_wrapper\">\n\t\t\t\n\t<div class=\"wpb_text_column wpb_content_element\" >\n\t\t<div class=\"wpb_wrapper\">\n\t\t\t<h3>Reglas de la Casa<\/h3>\n<ul>\n<li>Al ingresar al apartamento, los hu\u00e9spedes deben registrarse y sus datos ser\u00e1n proporcionados a las autoridades migratorias, de acuerdo con la ley cubana. S\u00f3lo las personas registradas pueden permanecer en el apartamento.<\/li>\n<li>Al hacer el registro de entrada, solo se le entregar\u00e1 la llave de su habitaci\u00f3n, ya que la casa cuenta con personal las 24 horas.<\/li>\n<li>Por razones de seguridad, cualquier acompa\u00f1ante debe presentar un documento de identidad y estar registrado por el propietario.<\/li>\n<li>No aceptamos menores sin la compa\u00f1\u00eda de sus padres.<\/li>\n<\/ul>\n<p>&nbsp;<\/p>\n<blockquote><p>\n<strong>Entrada<\/strong>: 4pm<br \/>\n<strong>Salida<\/strong>: 12 m (mediod\u00eda)<br \/>\nEl equipaje se puede dejar fuera de horario.\n<\/p><\/blockquote>\n<p>&nbsp;<\/p>\n<h3>Est\u00e1 prohibido<\/h3>\n<ul>\n<li>Consumo de drogas. Prostituci\u00f3n y\/o proxenetismo.<\/li>\n<li>Fumar dentro de la casa.<\/li>\n<li>Tener animales dentro de la casa.<\/li>\n<li>Robo de objetos.<\/li>\n<li>Destruir o da\u00f1ar cualquier medio u objeto en general.<\/li>\n<li>Utilizar los medios de la casa fuera del domicilio, sin autorizaci\u00f3n del propietario.<\/li>\n<li>Traer invitados sin informar al anfitri\u00f3n.<\/li>\n<li>Poner m\u00fasica alta despu\u00e9s de la medianoche. Hacer ruidos fuertes o golpear paredes y\/o estructuras.<\/li>\n<\/ul>\n<p>&nbsp;<\/p>\n<p>&nbsp;<\/p>\n<blockquote><p>\nNuestro alojamiento dispone de todas las comodidades necesarias para que tengas una estancia c\u00f3moda y acogedora. Nuestra \u00fanica preocupaci\u00f3n es que te sientas como en casa. Cumpliendo las normas de la casa, nos ayudas a que otras personas como t\u00fa puedan disfrutar de una feliz estancia con nosotros.\n<\/p><\/blockquote>\n\n\t\t<\/div>\n\t<\/div>\n<\/div>\n\t<\/div> \n<\/div><!--End .row--><\/div><!--End .container--><\/div>\n<\/section>","protected":false},"excerpt":{"rendered":"House rules Upon entering the apartment, guests must register and their information will be provided to the immigration authorities, in accordance with Cuban law. Only registered persons may stay in the apartment. When you check in, you will only be given your room key, as the house is staffed 24 hours a day. For security [...]","protected":false},"author":1,"featured_media":10184,"parent":0,"menu_order":0,"comment_status":"closed","ping_status":"closed","template":"template-single-hotel-modern.php","meta":{"pagelayer_contact_templates":[],"_pagelayer_content":"","_uf_show_specific_survey":0,"_uf_disable_surveys":false,"_joinchat":[],"footnotes":""},"class_list":["post-10719","page","type-page","status-publish","has-post-thumbnail","hentry"],"_links":{"self":[{"href":"https:\/\/havanaindoors.net\/es\/wp-json\/wp\/v2\/pages\/10719","targetHints":{"allow":["GET"]}}],"collection":[{"href":"https:\/\/havanaindoors.net\/es\/wp-json\/wp\/v2\/pages"}],"about":[{"href":"https:\/\/havanaindoors.net\/es\/wp-json\/wp\/v2\/types\/page"}],"author":[{"embeddable":true,"href":"https:\/\/havanaindoors.net\/es\/wp-json\/wp\/v2\/users\/1"}],"replies":[{"embeddable":true,"href":"https:\/\/havanaindoors.net\/es\/wp-json\/wp\/v2\/comments?post=10719"}],"version-history":[{"count":0,"href":"https:\/\/havanaindoors.net\/es\/wp-json\/wp\/v2\/pages\/10719\/revisions"}],"wp:featuredmedia":[{"embeddable":true,"href":"https:\/\/havanaindoors.net\/es\/wp-json\/wp\/v2\/media\/10184"}],"wp:attachment":[{"href":"https:\/\/havanaindoors.net\/es\/wp-json\/wp\/v2\/media?parent=10719"}],"curies":[{"name":"wp","href":"https:\/\/api.w.org\/{rel}","templated":true}]}}