{"id":10795,"date":"2023-02-23T19:07:12","date_gmt":"2023-02-23T19:07:12","guid":{"rendered":"https:\/\/havanaindoors.net\/?page_id=10795"},"modified":"2023-07-17T15:19:10","modified_gmt":"2023-07-17T15:19:10","slug":"casa-particular-in-havana","status":"publish","type":"page","link":"https:\/\/havanaindoors.net\/es\/casa-particular-in-havana\/","title":{"rendered":"Habitaci\u00f3n Est\u00e1ndar #1"},"content":{"rendered":"<section class=\"wpb-content-wrapper\"><div class=\"vc_row wpb_row st bg-holder\"><div class='container'><div class='row'>\n\t<div class=\"wpb_column column_container col-md-8\"><div class=\"vc_column-inner wpb_wrapper\">\n\t\t\t<div id=\"clasificacion\" class=\"vc_row wpb_row vc_inner facilidades\"><div class=\"wpb_column column_container col-md-3\"><div class=\"vc_column-inner\"><div class=\"wpb_wrapper\"><div class=\"vc_icon_element vc_icon_element-outer vc_icon_element-align-left\"><div class=\"vc_icon_element-inner vc_icon_element-color-custom vc_icon_element-size-md vc_icon_element-style- vc_icon_element-background-color-grey\" ><span class=\"vc_icon_element-icon far fa-building\" style=\"color:#3c636b !important\"><\/span><\/div><\/div><div class=\"helios-heading st_1778416249  st_1778416251 left yes\"><h3 class=\"helios-title st_1778416250\">12 m\u00b2<\/h3><\/div><\/div><\/div><\/div><div class=\"wpb_column column_container col-md-3\"><div class=\"vc_column-inner\"><div class=\"wpb_wrapper\"><div class=\"vc_icon_element vc_icon_element-outer vc_icon_element-align-left\"><div class=\"vc_icon_element-inner vc_icon_element-color-custom vc_icon_element-size-md vc_icon_element-style- vc_icon_element-background-color-grey\" ><span class=\"vc_icon_element-icon fas fa-user-friends\" style=\"color:#3c636b !important\"><\/span><\/div><\/div><div class=\"helios-heading st_1778416252  st_1778416254 left yes\"><h3 class=\"helios-title st_1778416253\">2 personas<\/h3><\/div><\/div><\/div><\/div><div class=\"wpb_column column_container col-md-3\"><div class=\"vc_column-inner\"><div class=\"wpb_wrapper\"><div class=\"vc_icon_element vc_icon_element-outer vc_icon_element-align-left\"><div class=\"vc_icon_element-inner vc_icon_element-color-custom vc_icon_element-size-md vc_icon_element-style- vc_icon_element-background-color-grey\" ><span class=\"vc_icon_element-icon fas fa-bath\" style=\"color:#3c636b !important\"><\/span><\/div><\/div><div class=\"helios-heading st_1778416255  st_1778416257 center yes\"><h3 class=\"helios-title st_1778416256\">1 ba\u00f1o<\/h3><\/div><\/div><\/div><\/div><div class=\"wpb_column column_container col-md-3\"><div class=\"vc_column-inner\"><div class=\"wpb_wrapper\"><div class=\"vc_icon_element vc_icon_element-outer vc_icon_element-align-left\"><div class=\"vc_icon_element-inner vc_icon_element-color-custom vc_icon_element-size-md vc_icon_element-style- vc_icon_element-background-color-grey\" ><span class=\"vc_icon_element-icon fas fa-bed\" style=\"color:#3c636b !important\"><\/span><\/div><\/div><div class=\"helios-heading st_1778416258   left yes\"><h3 class=\"helios-title st_1778416259\">1 cama<\/h3><\/div><\/div><\/div><\/div><\/div><div class=\"vc_empty_space\"   style=\"height: 10px\"><span class=\"vc_empty_space_inner\"><\/span><\/div><div class=\"fotorama\" data-allowfullscreen=\"true\" data-nav=\"thumbs\"><img fetchpriority=\"high\" decoding=\"async\" width=\"800\" height=\"600\" src=\"https:\/\/havanaindoors.net\/wp-content\/uploads\/2015\/02\/Fulvio-Bugani-Havana-indoors-30-800x600.jpg\" class=\"attachment-800x600 size-800x600\" alt=\"casa particular in Havana\" title=\"\"><img decoding=\"async\" width=\"800\" height=\"600\" src=\"https:\/\/havanaindoors.net\/wp-content\/uploads\/2015\/02\/Fulvio-Bugani-Havana-indoors-31-800x600.jpg\" class=\"attachment-800x600 size-800x600\" alt=\"\" title=\"\"><img decoding=\"async\" width=\"800\" height=\"600\" src=\"https:\/\/havanaindoors.net\/wp-content\/uploads\/2015\/02\/WhatsApp-Image-2023-01-04-at-11.24.18-AM5-800x600.jpeg\" class=\"attachment-800x600 size-800x600\" alt=\"\" title=\"\"><img loading=\"lazy\" decoding=\"async\" width=\"800\" height=\"600\" src=\"https:\/\/havanaindoors.net\/wp-content\/uploads\/2015\/02\/WhatsApp-Image-2023-01-04-at-11.24.19-AM6-800x600.jpeg\" class=\"attachment-800x600 size-800x600\" alt=\"\" title=\"\"><img loading=\"lazy\" decoding=\"async\" width=\"800\" height=\"600\" src=\"https:\/\/havanaindoors.net\/wp-content\/uploads\/2015\/02\/WhatsApp-Image-2023-01-041-at-11.24.17-AM-800x600.jpeg\" class=\"attachment-800x600 size-800x600\" alt=\"\" title=\"\"><\/div><div class=\"vc_empty_space\"   style=\"height: 32px\"><span class=\"vc_empty_space_inner\"><\/span><\/div><div class=\"helios-heading st_1778416260  st_1778416262 center yes\"><h3 class=\"helios-title st_1778416261\">Descripci\u00f3n<\/h3><\/div><div class=\"vc_empty_space\"   style=\"height: 32px\"><span class=\"vc_empty_space_inner\"><\/span><\/div>\n\t<div class=\"wpb_text_column wpb_content_element\" >\n\t\t<div class=\"wpb_wrapper\">\n\t\t\t<h4>Casa particular en La Habana: ubicaci\u00f3n c\u00e9ntrica en el Vedado.<\/h4>\n<p>&nbsp;<\/p>\n<p>Sum\u00e9rgete en el encanto del Vedado: alquila una habitaci\u00f3n con wifi gratis.<\/p>\n<p>&nbsp;<\/p>\n<p>La privilegiada ubicaci\u00f3n del hostal, te permitir\u00e1 disfrutar de la vida de la zona. Estar\u00e1s a solo minutos caminando de restaurantes, bares, centros culturales y del paseo del malec\u00f3n habanero. Despu\u00e9s de un d\u00eda explorando la ciudad, la rec\u00e1mara ser\u00e1 tu refugio acogedor, ideal para descansar y recargar energ\u00edas.<\/p>\n<p>&nbsp;<\/p>\n<p>Est\u00e1 climatizada, posee cama King size, con 2 mesitas de noche con sus respectivas lamparitas que te brindar\u00e1n una luz tenue. Su alto ventanal posibilita que penetre el sol caribe\u00f1o y llene de buenas vibras cada rinc\u00f3n.<\/p>\n<p>&nbsp;<\/p>\n<p>Para mayor privacidad, la rec\u00e1mara cuenta con ba\u00f1o privado con secador de pelo, regadera con agua fr\u00eda y caliente, suaves toallas blancas y art\u00edculos de tocador de primer nivel.<\/p>\n<p>&nbsp;<\/p>\n<p>En nuestra Casa particular en La Habana te sentir\u00e1s como en tu hogar, tendr\u00e1s acceso a las amplias zonas comunes del hostal. Disfrutar\u00e1s de la sala-recibidor, el comedor y la terraza no techada. En estas \u00e1reas crear\u00e1s amistades genuinas.<\/p>\n<p>&nbsp;<\/p>\n<p>El alojamiento y el Vedado, sin dudas, te enamorar\u00e1n. Y para que compartas cada experiencia en tiempo real, tendr\u00e1s acceso gratuito a la wifi del hogar.<\/p>\n<p>&nbsp;<\/p>\n<p>Si deseas conocer la aut\u00e9ntica vida en La Habana, solo debes preguntarle al personal del hostal. Estar\u00e1n felices de brindarte sus recomendaciones locales. Y te aseguro, lo agradecer\u00e1s.<\/p>\n<p>&nbsp;<\/p>\n<p>&nbsp;<\/p>\n<p>Ahora que tienes toda la informaci\u00f3n solo te queda decidirte y reservar en nuestra Casa particular en La Habana. Te esperamos!<\/p>\n\n\t\t<\/div>\n\t<\/div>\n<div class=\"vc_empty_space\"   style=\"height: 32px\"><span class=\"vc_empty_space_inner\"><\/span><\/div><div class=\"vc_separator wpb_content_element vc_separator_align_center vc_sep_width_100 vc_sep_pos_align_center vc_separator_no_text vc_sep_color_grey\" ><span class=\"vc_sep_holder vc_sep_holder_l\"><span class=\"vc_sep_line\"><\/span><\/span><span class=\"vc_sep_holder vc_sep_holder_r\"><span class=\"vc_sep_line\"><\/span><\/span>\n<\/div><div class=\"vc_empty_space\"   style=\"height: 32px\"><span class=\"vc_empty_space_inner\"><\/span><\/div><div class=\"helios-heading st_1778416263  st_1778416265 center yes\"><h3 class=\"helios-title st_1778416264\">Servicios opcionales<\/h3><\/div><div class=\"vc_empty_space\"   style=\"height: 32px\"><span class=\"vc_empty_space_inner\"><\/span><\/div><div class=\"vc_row wpb_row vc_inner\"><div class=\"wpb_column column_container col-md-3\"><div class=\"vc_column-inner\"><div class=\"wpb_wrapper\">        <div class=\"title-insta\">\r\n            <div class=\"st-img-icon\"><img decoding=\"async\" src=\"https:\/\/havanaindoors.net\/wp-content\/uploads\/2023\/02\/taza-de-cafe.png\" alt=\"\" title=\"\"><\/div>\r\n            <p class=\"text\">Desayuno<\/p>\r\n        <\/div>\r\n        <\/div><\/div><\/div><div class=\"wpb_column column_container col-md-3\"><div class=\"vc_column-inner\"><div class=\"wpb_wrapper\">        <div class=\"title-insta\">\r\n            <div class=\"st-img-icon\"><img decoding=\"async\" src=\"https:\/\/havanaindoors.net\/wp-content\/uploads\/2023\/02\/guia-turistico.png\" alt=\"\" title=\"\"><\/div>\r\n            <p class=\"text\">Servicio de Gu\u00eda<\/p>\r\n        <\/div>\r\n        <\/div><\/div><\/div><div class=\"wpb_column column_container col-md-3\"><div class=\"vc_column-inner\"><div class=\"wpb_wrapper\">        <div class=\"title-insta\">\r\n            <div class=\"st-img-icon\"><img decoding=\"async\" src=\"https:\/\/havanaindoors.net\/wp-content\/uploads\/2023\/02\/lavadora.png\" alt=\"\" title=\"\"><\/div>\r\n            <p class=\"text\">Plancha de ropa<\/p>\r\n        <\/div>\r\n        <\/div><\/div><\/div><div class=\"wpb_column column_container col-md-3\"><div class=\"vc_column-inner\"><div class=\"wpb_wrapper\">        <div class=\"title-insta\">\r\n            <div class=\"st-img-icon\"><img decoding=\"async\" src=\"https:\/\/havanaindoors.net\/wp-content\/uploads\/2023\/02\/taxi.svg\" alt=\"\" title=\"\"><\/div>\r\n            <p class=\"text\">Recogida y regreso al aeropuerto<\/p>\r\n        <\/div>\r\n        <\/div><\/div><\/div><\/div><div class=\"vc_empty_space\"   style=\"height: 32px\"><span class=\"vc_empty_space_inner\"><\/span><\/div><div class=\"vc_separator wpb_content_element vc_separator_align_center vc_sep_width_100 vc_sep_pos_align_center vc_separator_no_text vc_sep_color_grey\" ><span class=\"vc_sep_holder vc_sep_holder_l\"><span class=\"vc_sep_line\"><\/span><\/span><span class=\"vc_sep_holder vc_sep_holder_r\"><span class=\"vc_sep_line\"><\/span><\/span>\n<\/div><div class=\"vc_empty_space\"   style=\"height: 32px\"><span class=\"vc_empty_space_inner\"><\/span><\/div><div class=\"helios-heading st_1778416266  st_1778416268 center yes\"><h3 class=\"helios-title st_1778416267\">Comodidades<\/h3><\/div><div class=\"vc_empty_space\"   style=\"height: 32px\"><span class=\"vc_empty_space_inner\"><\/span><\/div><div class=\"vc_row wpb_row vc_inner\"><div class=\"wpb_column column_container col-md-4\"><div class=\"vc_column-inner\"><div class=\"wpb_wrapper\">        <div class=\"title-insta\">\r\n            <div class=\"st-img-icon\"><img decoding=\"async\" src=\"https:\/\/havanaindoors.net\/wp-content\/uploads\/2023\/02\/cama_adobe_express.svg\" alt=\"\" title=\"\"><\/div>\r\n            <p class=\"text\">Ropa de cama<\/p>\r\n        <\/div>\r\n                <div class=\"title-insta\">\r\n            <div class=\"st-img-icon\"><img decoding=\"async\" src=\"https:\/\/havanaindoors.net\/wp-content\/uploads\/2023\/02\/percha_adobe_express.svg\" alt=\"\" title=\"\"><\/div>\r\n            <p class=\"text\">Perchero<\/p>\r\n        <\/div>\r\n                <div class=\"title-insta\">\r\n            <div class=\"st-img-icon\"><img decoding=\"async\" src=\"https:\/\/havanaindoors.net\/wp-content\/uploads\/2023\/02\/aire-acondicionado.svg\" alt=\"\" title=\"\"><\/div>\r\n            <p class=\"text\">Split<\/p>\r\n        <\/div>\r\n                <div class=\"title-insta\">\r\n            <div class=\"st-img-icon\"><img decoding=\"async\" src=\"https:\/\/havanaindoors.net\/wp-content\/uploads\/2023\/02\/rollo-de-tejido.png.svg\" alt=\"\" title=\"\"><\/div>\r\n            <p class=\"text\">Art\u00edculos b\u00e1sicos (Toallas, S\u00e1banas, Jab\u00f3n, Champ\u00fa, Papel higi\u00e9nico)<\/p>\r\n        <\/div>\r\n        <\/div><\/div><\/div><div class=\"wpb_column column_container col-md-4\"><div class=\"vc_column-inner\"><div class=\"wpb_wrapper\">        <div class=\"title-insta\">\r\n            <div class=\"st-img-icon\"><img decoding=\"async\" src=\"https:\/\/havanaindoors.net\/wp-content\/uploads\/2023\/02\/caja-fuerte.svg\" alt=\"\" title=\"\"><\/div>\r\n            <p class=\"text\">Caja Fuerte<\/p>\r\n        <\/div>\r\n                <div class=\"title-insta\">\r\n            <div class=\"st-img-icon\"><img decoding=\"async\" src=\"https:\/\/havanaindoors.net\/wp-content\/uploads\/2023\/02\/ducha.svg\" alt=\"\" title=\"\"><\/div>\r\n            <p class=\"text\">Agua Caliente<\/p>\r\n        <\/div>\r\n                <div class=\"title-insta\">\r\n            <div class=\"st-img-icon\"><img decoding=\"async\" src=\"https:\/\/havanaindoors.net\/wp-content\/uploads\/2023\/02\/mapa.svg\" alt=\"\" title=\"\"><\/div>\r\n            <p class=\"text\">Mapa<\/p>\r\n        <\/div>\r\n                <div class=\"title-insta\">\r\n            <div class=\"st-img-icon\"><img decoding=\"async\" src=\"https:\/\/havanaindoors.net\/wp-content\/uploads\/2023\/02\/monitor-de-tv.svg\" alt=\"\" title=\"\"><\/div>\r\n            <p class=\"text\">TV<\/p>\r\n        <\/div>\r\n        <\/div><\/div><\/div><div class=\"wpb_column column_container col-md-4\"><div class=\"vc_column-inner\"><div class=\"wpb_wrapper\">        <div class=\"title-insta\">\r\n            <div class=\"st-img-icon\"><img decoding=\"async\" src=\"https:\/\/havanaindoors.net\/wp-content\/uploads\/2023\/02\/banera_adobe_express-1.svg\" alt=\"\" title=\"\"><\/div>\r\n            <p class=\"text\">Ba\u00f1o Privado<\/p>\r\n        <\/div>\r\n                <div class=\"title-insta\">\r\n            <div class=\"st-img-icon\"><img decoding=\"async\" src=\"https:\/\/havanaindoors.net\/wp-content\/uploads\/2023\/02\/secador-de-pelo.svg\" alt=\"\" title=\"\"><\/div>\r\n            <p class=\"text\">Secadora de Pelo<\/p>\r\n        <\/div>\r\n                <div class=\"title-insta\">\r\n            <div class=\"st-img-icon\"><img decoding=\"async\" src=\"https:\/\/havanaindoors.net\/wp-content\/uploads\/2023\/02\/plancha-electrica.svg\" alt=\"\" title=\"\"><\/div>\r\n            <p class=\"text\">Plancha de ropa<\/p>\r\n        <\/div>\r\n                <div class=\"title-insta\">\r\n            <div class=\"st-img-icon\"><img decoding=\"async\" src=\"https:\/\/havanaindoors.net\/wp-content\/uploads\/2023\/02\/wifi_adobe_express.svg\" alt=\"\" title=\"\"><\/div>\r\n            <p class=\"text\">Wifi<\/p>\r\n        <\/div>\r\n        <\/div><\/div><\/div><\/div><\/div>\n\t<\/div> \n\n\t<div class=\"wpb_column column_container col-md-4\"><div class=\"vc_column-inner wpb_wrapper\">\n\t\t\t\n\t<div class=\"wpb_text_column wpb_content_element\" >\n\t\t<div class=\"wpb_wrapper\">\n\t\t\t<p><script>(function(d, s, id) {if (d.getElementById(id)) return;var js, fjs = d.getElementsByTagName(s)[0];js = d.createElement(s); js.id = id;js.src = 'https:\/\/app.your.rentals\/public\/assets\/scripts\/direct-booking-widget.js';fjs.parentNode.insertBefore(js, fjs);}(document, 'script', 'yr-direct-booking-widget-bootstrap'));<\/script><\/p>\n<div class=\"yr-widget-direct-booking\" data-yrlid=\"80882\" data-yrscid=\"PMDR\" data-uid=\"18871a33-ab39-4e07-aacc-a0fa89c92e28\"><\/div>\n\n\t\t<\/div>\n\t<\/div>\n<\/div>\n\t<\/div> \n<\/div><!--End .row--><\/div><!--End .container--><\/div>\n<\/section>","protected":false},"excerpt":{"rendered":"12 m\u00b22 persons1 bathroom1 bedDescription Casa particular in Havana: central location in Vedado &nbsp; Immerse yourself in the charm of Vedado: rent a room with free wifi. &nbsp; The privileged location of the house will allow you to enjoy the life of the area. You will be just minutes walking distance from restaurants, bars, cultural [...]","protected":false},"author":1,"featured_media":10206,"parent":0,"menu_order":0,"comment_status":"closed","ping_status":"closed","template":"template-single-hotel-modern.php","meta":{"pagelayer_contact_templates":[],"_pagelayer_content":"","_uf_show_specific_survey":0,"_uf_disable_surveys":false,"_joinchat":[],"footnotes":""},"class_list":["post-10795","page","type-page","status-publish","has-post-thumbnail","hentry"],"_links":{"self":[{"href":"https:\/\/havanaindoors.net\/es\/wp-json\/wp\/v2\/pages\/10795","targetHints":{"allow":["GET"]}}],"collection":[{"href":"https:\/\/havanaindoors.net\/es\/wp-json\/wp\/v2\/pages"}],"about":[{"href":"https:\/\/havanaindoors.net\/es\/wp-json\/wp\/v2\/types\/page"}],"author":[{"embeddable":true,"href":"https:\/\/havanaindoors.net\/es\/wp-json\/wp\/v2\/users\/1"}],"replies":[{"embeddable":true,"href":"https:\/\/havanaindoors.net\/es\/wp-json\/wp\/v2\/comments?post=10795"}],"version-history":[{"count":0,"href":"https:\/\/havanaindoors.net\/es\/wp-json\/wp\/v2\/pages\/10795\/revisions"}],"wp:featuredmedia":[{"embeddable":true,"href":"https:\/\/havanaindoors.net\/es\/wp-json\/wp\/v2\/media\/10206"}],"wp:attachment":[{"href":"https:\/\/havanaindoors.net\/es\/wp-json\/wp\/v2\/media?parent=10795"}],"curies":[{"name":"wp","href":"https:\/\/api.w.org\/{rel}","templated":true}]}}