{"id":10975,"date":"2023-02-25T19:42:45","date_gmt":"2023-02-25T19:42:45","guid":{"rendered":"https:\/\/havanaindoors.net\/?page_id=10975"},"modified":"2023-07-29T16:43:23","modified_gmt":"2023-07-29T16:43:23","slug":"room-for-rent-in-havana","status":"publish","type":"page","link":"https:\/\/havanaindoors.net\/es\/room-for-rent-in-havana\/","title":{"rendered":"Habitaci\u00f3n est\u00e1ndar doble #4"},"content":{"rendered":"<section class=\"wpb-content-wrapper\"><div class=\"vc_row wpb_row st bg-holder\"><div class='container'><div class='row'>\n\t<div class=\"wpb_column column_container col-md-8\"><div class=\"vc_column-inner wpb_wrapper\">\n\t\t\t<div id=\"clasificacion\" class=\"vc_row wpb_row vc_inner facilidades\"><div class=\"wpb_column column_container col-md-3\"><div class=\"vc_column-inner\"><div class=\"wpb_wrapper\"><div class=\"vc_icon_element vc_icon_element-outer vc_icon_element-align-left\"><div class=\"vc_icon_element-inner vc_icon_element-color-custom vc_icon_element-size-md vc_icon_element-style- vc_icon_element-background-color-grey\" ><span class=\"vc_icon_element-icon far fa-building\" style=\"color:#3c636b !important\"><\/span><\/div><\/div><div class=\"helios-heading st_1778418981  st_1778418983 left yes\"><h3 class=\"helios-title st_1778418982\">12 m\u00b2<\/h3><\/div><\/div><\/div><\/div><div class=\"wpb_column column_container col-md-3\"><div class=\"vc_column-inner\"><div class=\"wpb_wrapper\"><div class=\"vc_icon_element vc_icon_element-outer vc_icon_element-align-left\"><div class=\"vc_icon_element-inner vc_icon_element-color-custom vc_icon_element-size-md vc_icon_element-style- vc_icon_element-background-color-grey\" ><span class=\"vc_icon_element-icon fas fa-user-friends\" style=\"color:#3c636b !important\"><\/span><\/div><\/div><div class=\"helios-heading st_1778418984  st_1778418986 left yes\"><h3 class=\"helios-title st_1778418985\">2 personas<\/h3><\/div><\/div><\/div><\/div><div class=\"wpb_column column_container col-md-3\"><div class=\"vc_column-inner\"><div class=\"wpb_wrapper\"><div class=\"vc_icon_element vc_icon_element-outer vc_icon_element-align-left\"><div class=\"vc_icon_element-inner vc_icon_element-color-custom vc_icon_element-size-md vc_icon_element-style- vc_icon_element-background-color-grey\" ><span class=\"vc_icon_element-icon fas fa-bath\" style=\"color:#3c636b !important\"><\/span><\/div><\/div><div class=\"helios-heading st_1778418987  st_1778418989 center yes\"><h3 class=\"helios-title st_1778418988\">1 ba\u00f1o<\/h3><\/div><\/div><\/div><\/div><div class=\"wpb_column column_container col-md-3\"><div class=\"vc_column-inner\"><div class=\"wpb_wrapper\"><div class=\"vc_icon_element vc_icon_element-outer vc_icon_element-align-left\"><div class=\"vc_icon_element-inner vc_icon_element-color-custom vc_icon_element-size-md vc_icon_element-style- vc_icon_element-background-color-grey\" ><span class=\"vc_icon_element-icon fas fa-bed\" style=\"color:#3c636b !important\"><\/span><\/div><\/div><div class=\"helios-heading st_1778418990   left yes\"><h3 class=\"helios-title st_1778418991\">1 cama<\/h3><\/div><\/div><\/div><\/div><\/div><div class=\"vc_empty_space\"   style=\"height: 10px\"><span class=\"vc_empty_space_inner\"><\/span><\/div><div class=\"fotorama\" data-allowfullscreen=\"true\" data-nav=\"thumbs\"><img fetchpriority=\"high\" decoding=\"async\" width=\"800\" height=\"600\" src=\"https:\/\/havanaindoors.net\/wp-content\/uploads\/2015\/02\/Fulvio-Bugani-Havana-indoors-22-800x600.jpg\" class=\"attachment-800x600 size-800x600\" alt=\"Room for rent in Havana\" title=\"\"><img decoding=\"async\" width=\"800\" height=\"600\" src=\"https:\/\/havanaindoors.net\/wp-content\/uploads\/2015\/02\/Fulvio-Bugani-Havana-indoors-23-800x600.jpg\" class=\"attachment-800x600 size-800x600\" alt=\"\" title=\"\"><img decoding=\"async\" width=\"800\" height=\"600\" src=\"https:\/\/havanaindoors.net\/wp-content\/uploads\/2023\/02\/WhatsApp-Image-2023-01-04-at-11.26.50-AM4-800x600.jpeg\" class=\"attachment-800x600 size-800x600\" alt=\"\" title=\"\"><img loading=\"lazy\" decoding=\"async\" width=\"800\" height=\"600\" src=\"https:\/\/havanaindoors.net\/wp-content\/uploads\/2023\/02\/WhatsApp-Image-2023-01-04-at-11.26.50-AM6-800x600.jpeg\" class=\"attachment-800x600 size-800x600\" alt=\"\" title=\"\"><img loading=\"lazy\" decoding=\"async\" width=\"800\" height=\"600\" src=\"https:\/\/havanaindoors.net\/wp-content\/uploads\/2023\/02\/WhatsApp-Image-2023-01-04-at-11.26.49-AM2-800x600.jpeg\" class=\"attachment-800x600 size-800x600\" alt=\"\" title=\"\"><img loading=\"lazy\" decoding=\"async\" width=\"800\" height=\"600\" src=\"https:\/\/havanaindoors.net\/wp-content\/uploads\/2023\/02\/WhatsApp-Image-2023-01-04-at-11.26.49-AM3-800x600.jpeg\" class=\"attachment-800x600 size-800x600\" alt=\"\" title=\"\"><\/div><div class=\"vc_empty_space\"   style=\"height: 32px\"><span class=\"vc_empty_space_inner\"><\/span><\/div><div class=\"helios-heading st_1778418992  st_1778418994 center yes\"><h3 class=\"helios-title st_1778418993\">Descripci\u00f3n<\/h3><\/div><div class=\"vc_empty_space\"   style=\"height: 32px\"><span class=\"vc_empty_space_inner\"><\/span><\/div>\n\t<div class=\"wpb_text_column wpb_content_element\" >\n\t\t<div class=\"wpb_wrapper\">\n\t\t\t<h4>Habitaci\u00f3n de renta en La Habana<\/h4>\n<p>&nbsp;<\/p>\n<p>Rel\u00e1jate en nuestra habitaci\u00f3n de renta en La Habana. Al entrar en el dormitorio encontrar\u00e1s 2 camas personales con sus respectivas mesitas de noche y l\u00e1mparas que con su luz crean una atm\u00f3sfera c\u00e1lida.<\/p>\n<p>&nbsp;<\/p>\n<p>Ser\u00e1 el refugio al que querr\u00e1s llegar cuando regresas de tus paseos por la Habana. Y es que la habitaci\u00f3n se encuentra climatizada, posee minibar con jugos y bebidas refrescantes. Y por si fuera poco su ba\u00f1o privado cuenta con fregadera con agua fr\u00eda y caliente, toallas blancas y art\u00edculos de tocador de calidad.<\/p>\n<p>&nbsp;<\/p>\n<p>Si desea estar conectada a internet \u2013 ya sea por trabajo o por placer - te ofrecemos el servicio de wifi gratis.<\/p>\n<p>&nbsp;<\/p>\n<p>Nuestras \u00e1reas comunes invitan a compartir experiencias entre los viajeros. La sala-recibidor con su mueble-bar Antique es una tentaci\u00f3n para los sentidos; en el comedor disfrutar\u00e1s de los desayunos y en la terraza amenizar\u00e1s tus horas con tragos t\u00edpicos de Cuba.<\/p>\n<p>&nbsp;<\/p>\n<p>El personal del alojamiento es muy amable y tiene la mayor disposici\u00f3n en ayudarte con sus consejos locales para que disfrutes al m\u00e1ximo tu estancia.<\/p>\n<p>&nbsp;<\/p>\n<p>No lo dudes y encuentra el descanso en nuestra habitaci\u00f3n de renta en La Habana.<\/p>\n\n\t\t<\/div>\n\t<\/div>\n<div class=\"vc_empty_space\"   style=\"height: 32px\"><span class=\"vc_empty_space_inner\"><\/span><\/div><div class=\"vc_separator wpb_content_element vc_separator_align_center vc_sep_width_100 vc_sep_pos_align_center vc_separator_no_text vc_sep_color_grey\" ><span class=\"vc_sep_holder vc_sep_holder_l\"><span class=\"vc_sep_line\"><\/span><\/span><span class=\"vc_sep_holder vc_sep_holder_r\"><span class=\"vc_sep_line\"><\/span><\/span>\n<\/div><div class=\"vc_empty_space\"   style=\"height: 32px\"><span class=\"vc_empty_space_inner\"><\/span><\/div><div class=\"helios-heading st_1778418995  st_1778418997 center yes\"><h3 class=\"helios-title st_1778418996\">Servicios opcionales<\/h3><\/div><div class=\"vc_empty_space\"   style=\"height: 32px\"><span class=\"vc_empty_space_inner\"><\/span><\/div><div class=\"vc_row wpb_row vc_inner\"><div class=\"wpb_column column_container col-md-3\"><div class=\"vc_column-inner\"><div class=\"wpb_wrapper\">        <div class=\"title-insta\">\r\n            <div class=\"st-img-icon\"><img decoding=\"async\" src=\"https:\/\/havanaindoors.net\/wp-content\/uploads\/2023\/02\/taza-de-cafe.png\" alt=\"\" title=\"\"><\/div>\r\n            <p class=\"text\">Desayuno<\/p>\r\n        <\/div>\r\n        <\/div><\/div><\/div><div class=\"wpb_column column_container col-md-3\"><div class=\"vc_column-inner\"><div class=\"wpb_wrapper\">        <div class=\"title-insta\">\r\n            <div class=\"st-img-icon\"><img decoding=\"async\" src=\"https:\/\/havanaindoors.net\/wp-content\/uploads\/2023\/02\/guia-turistico.png\" alt=\"\" title=\"\"><\/div>\r\n            <p class=\"text\">Servicio de Gu\u00eda<\/p>\r\n        <\/div>\r\n        <\/div><\/div><\/div><div class=\"wpb_column column_container col-md-3\"><div class=\"vc_column-inner\"><div class=\"wpb_wrapper\">        <div class=\"title-insta\">\r\n            <div class=\"st-img-icon\"><img decoding=\"async\" src=\"https:\/\/havanaindoors.net\/wp-content\/uploads\/2023\/02\/lavadora.png\" alt=\"\" title=\"\"><\/div>\r\n            <p class=\"text\">Plancha de ropa<\/p>\r\n        <\/div>\r\n        <\/div><\/div><\/div><div class=\"wpb_column column_container col-md-3\"><div class=\"vc_column-inner\"><div class=\"wpb_wrapper\">        <div class=\"title-insta\">\r\n            <div class=\"st-img-icon\"><img decoding=\"async\" src=\"https:\/\/havanaindoors.net\/wp-content\/uploads\/2023\/02\/taxi.svg\" alt=\"\" title=\"\"><\/div>\r\n            <p class=\"text\">Recogida y regreso al aeropuerto<\/p>\r\n        <\/div>\r\n        <\/div><\/div><\/div><\/div><div class=\"vc_empty_space\"   style=\"height: 32px\"><span class=\"vc_empty_space_inner\"><\/span><\/div><div class=\"vc_separator wpb_content_element vc_separator_align_center vc_sep_width_100 vc_sep_pos_align_center vc_separator_no_text vc_sep_color_grey\" ><span class=\"vc_sep_holder vc_sep_holder_l\"><span class=\"vc_sep_line\"><\/span><\/span><span class=\"vc_sep_holder vc_sep_holder_r\"><span class=\"vc_sep_line\"><\/span><\/span>\n<\/div><div class=\"vc_empty_space\"   style=\"height: 32px\"><span class=\"vc_empty_space_inner\"><\/span><\/div><div class=\"helios-heading st_1778418998  st_1778419000 center yes\"><h3 class=\"helios-title st_1778418999\">Comodidades<\/h3><\/div><div class=\"vc_empty_space\"   style=\"height: 32px\"><span class=\"vc_empty_space_inner\"><\/span><\/div><div class=\"vc_row wpb_row vc_inner\"><div class=\"wpb_column column_container col-md-4\"><div class=\"vc_column-inner\"><div class=\"wpb_wrapper\">        <div class=\"title-insta\">\r\n            <div class=\"st-img-icon\"><img decoding=\"async\" src=\"https:\/\/havanaindoors.net\/wp-content\/uploads\/2023\/02\/cama_adobe_express.svg\" alt=\"\" title=\"\"><\/div>\r\n            <p class=\"text\">Ropa de cama<\/p>\r\n        <\/div>\r\n                <div class=\"title-insta\">\r\n            <div class=\"st-img-icon\"><img decoding=\"async\" src=\"https:\/\/havanaindoors.net\/wp-content\/uploads\/2023\/02\/percha_adobe_express.svg\" alt=\"\" title=\"\"><\/div>\r\n            <p class=\"text\">Perchero<\/p>\r\n        <\/div>\r\n                <div class=\"title-insta\">\r\n            <div class=\"st-img-icon\"><img decoding=\"async\" src=\"https:\/\/havanaindoors.net\/wp-content\/uploads\/2023\/02\/aire-acondicionado.svg\" alt=\"\" title=\"\"><\/div>\r\n            <p class=\"text\">Split<\/p>\r\n        <\/div>\r\n                <div class=\"title-insta\">\r\n            <div class=\"st-img-icon\"><img decoding=\"async\" src=\"https:\/\/havanaindoors.net\/wp-content\/uploads\/2023\/02\/rollo-de-tejido.png.svg\" alt=\"\" title=\"\"><\/div>\r\n            <p class=\"text\">Art\u00edculos b\u00e1sicos (Toallas, S\u00e1banas, Jab\u00f3n, Champ\u00fa, Papel higi\u00e9nico)<\/p>\r\n        <\/div>\r\n        <\/div><\/div><\/div><div class=\"wpb_column column_container col-md-4\"><div class=\"vc_column-inner\"><div class=\"wpb_wrapper\">        <div class=\"title-insta\">\r\n            <div class=\"st-img-icon\"><img decoding=\"async\" src=\"https:\/\/havanaindoors.net\/wp-content\/uploads\/2023\/02\/caja-fuerte.svg\" alt=\"\" title=\"\"><\/div>\r\n            <p class=\"text\">Caja Fuerte<\/p>\r\n        <\/div>\r\n                <div class=\"title-insta\">\r\n            <div class=\"st-img-icon\"><img decoding=\"async\" src=\"https:\/\/havanaindoors.net\/wp-content\/uploads\/2023\/02\/ducha.svg\" alt=\"\" title=\"\"><\/div>\r\n            <p class=\"text\">Agua Caliente<\/p>\r\n        <\/div>\r\n                <div class=\"title-insta\">\r\n            <div class=\"st-img-icon\"><img decoding=\"async\" src=\"https:\/\/havanaindoors.net\/wp-content\/uploads\/2023\/02\/mapa.svg\" alt=\"\" title=\"\"><\/div>\r\n            <p class=\"text\">Mapa<\/p>\r\n        <\/div>\r\n                <div class=\"title-insta\">\r\n            <div class=\"st-img-icon\"><img decoding=\"async\" src=\"https:\/\/havanaindoors.net\/wp-content\/uploads\/2023\/02\/monitor-de-tv.svg\" alt=\"\" title=\"\"><\/div>\r\n            <p class=\"text\">TV<\/p>\r\n        <\/div>\r\n        <\/div><\/div><\/div><div class=\"wpb_column column_container col-md-4\"><div class=\"vc_column-inner\"><div class=\"wpb_wrapper\">        <div class=\"title-insta\">\r\n            <div class=\"st-img-icon\"><img decoding=\"async\" src=\"https:\/\/havanaindoors.net\/wp-content\/uploads\/2023\/02\/banera_adobe_express-1.svg\" alt=\"\" title=\"\"><\/div>\r\n            <p class=\"text\">Ba\u00f1o Privado<\/p>\r\n        <\/div>\r\n                <div class=\"title-insta\">\r\n            <div class=\"st-img-icon\"><img decoding=\"async\" src=\"https:\/\/havanaindoors.net\/wp-content\/uploads\/2023\/02\/secador-de-pelo.svg\" alt=\"\" title=\"\"><\/div>\r\n            <p class=\"text\">Secadora de Pelo<\/p>\r\n        <\/div>\r\n                <div class=\"title-insta\">\r\n            <div class=\"st-img-icon\"><img decoding=\"async\" src=\"https:\/\/havanaindoors.net\/wp-content\/uploads\/2023\/02\/plancha-electrica.svg\" alt=\"\" title=\"\"><\/div>\r\n            <p class=\"text\">Plancha de ropa<\/p>\r\n        <\/div>\r\n                <div class=\"title-insta\">\r\n            <div class=\"st-img-icon\"><img decoding=\"async\" src=\"https:\/\/havanaindoors.net\/wp-content\/uploads\/2023\/02\/wifi_adobe_express.svg\" alt=\"\" title=\"\"><\/div>\r\n            <p class=\"text\">Wifi<\/p>\r\n        <\/div>\r\n        <\/div><\/div><\/div><\/div><\/div>\n\t<\/div> \n\n\t<div class=\"wpb_column column_container col-md-4\"><div class=\"vc_column-inner wpb_wrapper\">\n\t\t\t\n\t<div class=\"wpb_text_column wpb_content_element\" >\n\t\t<div class=\"wpb_wrapper\">\n\t\t\t<p><script>(function(d, s, id) {if (d.getElementById(id)) return;var js, fjs = d.getElementsByTagName(s)[0];js = d.createElement(s); js.id = id;js.src = 'https:\/\/app.your.rentals\/public\/assets\/scripts\/direct-booking-widget.js';fjs.parentNode.insertBefore(js, fjs);}(document, 'script', 'yr-direct-booking-widget-bootstrap'));<\/script><\/p>\n<div class=\"yr-widget-direct-booking\" data-yrlid=\"82497\" data-yrscid=\"PMDR\" data-uid=\"18871a33-ab39-4e07-aacc-a0fa89c92e28\"><\/div>\n\n\t\t<\/div>\n\t<\/div>\n<\/div>\n\t<\/div> \n<\/div><!--End .row--><\/div><!--End .container--><\/div>\n<\/section>","protected":false},"excerpt":{"rendered":"12 m\u00b22 persons1 bathroom1 bedDescription Room for rent in Havana &nbsp; Relax in our room for rent in Havana. As you enter the bedroom you will find 2 personal beds with their respective bedside tables and lamps that with their light create a warm atmosphere. &nbsp; It will be the refuge you will want to [...]","protected":false},"author":1,"featured_media":10198,"parent":0,"menu_order":0,"comment_status":"closed","ping_status":"closed","template":"template-single-hotel-modern.php","meta":{"pagelayer_contact_templates":[],"_pagelayer_content":"","_uf_show_specific_survey":0,"_uf_disable_surveys":false,"_joinchat":[],"footnotes":""},"class_list":["post-10975","page","type-page","status-publish","has-post-thumbnail","hentry"],"_links":{"self":[{"href":"https:\/\/havanaindoors.net\/es\/wp-json\/wp\/v2\/pages\/10975","targetHints":{"allow":["GET"]}}],"collection":[{"href":"https:\/\/havanaindoors.net\/es\/wp-json\/wp\/v2\/pages"}],"about":[{"href":"https:\/\/havanaindoors.net\/es\/wp-json\/wp\/v2\/types\/page"}],"author":[{"embeddable":true,"href":"https:\/\/havanaindoors.net\/es\/wp-json\/wp\/v2\/users\/1"}],"replies":[{"embeddable":true,"href":"https:\/\/havanaindoors.net\/es\/wp-json\/wp\/v2\/comments?post=10975"}],"version-history":[{"count":0,"href":"https:\/\/havanaindoors.net\/es\/wp-json\/wp\/v2\/pages\/10975\/revisions"}],"wp:featuredmedia":[{"embeddable":true,"href":"https:\/\/havanaindoors.net\/es\/wp-json\/wp\/v2\/media\/10198"}],"wp:attachment":[{"href":"https:\/\/havanaindoors.net\/es\/wp-json\/wp\/v2\/media?parent=10975"}],"curies":[{"name":"wp","href":"https:\/\/api.w.org\/{rel}","templated":true}]}}