{"id":10980,"date":"2023-02-25T20:31:25","date_gmt":"2023-02-25T20:31:25","guid":{"rendered":"https:\/\/havanaindoors.net\/?page_id=10980"},"modified":"2023-07-16T15:15:14","modified_gmt":"2023-07-16T15:15:14","slug":"house-for-rent-in-havana","status":"publish","type":"page","link":"https:\/\/havanaindoors.net\/es\/house-for-rent-in-havana\/","title":{"rendered":"Habitaci\u00f3n Superior #7"},"content":{"rendered":"<section class=\"wpb-content-wrapper\"><div class=\"vc_row wpb_row st bg-holder\"><div class='container'><div class='row'>\n\t<div class=\"wpb_column column_container col-md-8\"><div class=\"vc_column-inner wpb_wrapper\">\n\t\t\t<div id=\"clasificacion\" class=\"vc_row wpb_row vc_inner facilidades\"><div class=\"wpb_column column_container col-md-3\"><div class=\"vc_column-inner\"><div class=\"wpb_wrapper\"><div class=\"vc_icon_element vc_icon_element-outer vc_icon_element-align-left\"><div class=\"vc_icon_element-inner vc_icon_element-color-custom vc_icon_element-size-md vc_icon_element-style- vc_icon_element-background-color-grey\" ><span class=\"vc_icon_element-icon far fa-building\" style=\"color:#3c636b !important\"><\/span><\/div><\/div><div class=\"helios-heading st_1778419687  st_1778419689 left yes\"><h3 class=\"helios-title st_1778419688\">16 m\u00b2<\/h3><\/div><\/div><\/div><\/div><div class=\"wpb_column column_container col-md-3\"><div class=\"vc_column-inner\"><div class=\"wpb_wrapper\"><div class=\"vc_icon_element vc_icon_element-outer vc_icon_element-align-left\"><div class=\"vc_icon_element-inner vc_icon_element-color-custom vc_icon_element-size-md vc_icon_element-style- vc_icon_element-background-color-grey\" ><span class=\"vc_icon_element-icon fas fa-user-friends\" style=\"color:#3c636b !important\"><\/span><\/div><\/div><div class=\"helios-heading st_1778419690  st_1778419692 left yes\"><h3 class=\"helios-title st_1778419691\">2 personas<\/h3><\/div><\/div><\/div><\/div><div class=\"wpb_column column_container col-md-3\"><div class=\"vc_column-inner\"><div class=\"wpb_wrapper\"><div class=\"vc_icon_element vc_icon_element-outer vc_icon_element-align-left\"><div class=\"vc_icon_element-inner vc_icon_element-color-custom vc_icon_element-size-md vc_icon_element-style- vc_icon_element-background-color-grey\" ><span class=\"vc_icon_element-icon fas fa-bath\" style=\"color:#3c636b !important\"><\/span><\/div><\/div><div class=\"helios-heading st_1778419693  st_1778419695 center yes\"><h3 class=\"helios-title st_1778419694\">1 ba\u00f1o<\/h3><\/div><\/div><\/div><\/div><div class=\"wpb_column column_container col-md-3\"><div class=\"vc_column-inner\"><div class=\"wpb_wrapper\"><div class=\"vc_icon_element vc_icon_element-outer vc_icon_element-align-left\"><div class=\"vc_icon_element-inner vc_icon_element-color-custom vc_icon_element-size-md vc_icon_element-style- vc_icon_element-background-color-grey\" ><span class=\"vc_icon_element-icon fas fa-bed\" style=\"color:#3c636b !important\"><\/span><\/div><\/div><div class=\"helios-heading st_1778419696   left yes\"><h3 class=\"helios-title st_1778419697\">1 cama<\/h3><\/div><\/div><\/div><\/div><\/div><div class=\"vc_empty_space\"   style=\"height: 10px\"><span class=\"vc_empty_space_inner\"><\/span><\/div><div class=\"fotorama\" data-allowfullscreen=\"true\" data-nav=\"thumbs\"><img fetchpriority=\"high\" decoding=\"async\" width=\"800\" height=\"600\" src=\"https:\/\/havanaindoors.net\/wp-content\/uploads\/2015\/02\/Fulvio-Bugani-Havana-indoors-24-800x600.jpg\" class=\"attachment-800x600 size-800x600\" alt=\"house for rent in havana\" title=\"\"><img decoding=\"async\" width=\"800\" height=\"600\" src=\"https:\/\/havanaindoors.net\/wp-content\/uploads\/2015\/02\/Fulvio-Bugani-Havana-indoors-25-800x600.jpg\" class=\"attachment-800x600 size-800x600\" alt=\"\" title=\"\"><img decoding=\"async\" width=\"800\" height=\"600\" src=\"https:\/\/havanaindoors.net\/wp-content\/uploads\/2015\/02\/WhatsApp-Image-2023-01-04-at-11.29.09-AM4-800x600.jpeg\" class=\"attachment-800x600 size-800x600\" alt=\"\" title=\"\"><img loading=\"lazy\" decoding=\"async\" width=\"800\" height=\"600\" src=\"https:\/\/havanaindoors.net\/wp-content\/uploads\/2015\/02\/WhatsApp-Image-2023-01-04-at-11.29.06-AM-800x600.jpeg\" class=\"attachment-800x600 size-800x600\" alt=\"\" title=\"\"><img loading=\"lazy\" decoding=\"async\" width=\"800\" height=\"600\" src=\"https:\/\/havanaindoors.net\/wp-content\/uploads\/2015\/02\/WhatsApp-Image-2023-01-04-at-11.29.07-AM1-800x600.jpeg\" class=\"attachment-800x600 size-800x600\" alt=\"\" title=\"\"><img loading=\"lazy\" decoding=\"async\" width=\"800\" height=\"600\" src=\"https:\/\/havanaindoors.net\/wp-content\/uploads\/2015\/02\/WhatsApp-Image-2023-01-04-at-11.29.08-AM2-800x600.jpeg\" class=\"attachment-800x600 size-800x600\" alt=\"\" title=\"\"><\/div><div class=\"vc_empty_space\"   style=\"height: 32px\"><span class=\"vc_empty_space_inner\"><\/span><\/div><div class=\"helios-heading st_1778419698  st_1778419700 center yes\"><h3 class=\"helios-title st_1778419699\">Descripci\u00f3n<\/h3><\/div><div class=\"vc_empty_space\"   style=\"height: 32px\"><span class=\"vc_empty_space_inner\"><\/span><\/div>\n\t<div class=\"wpb_text_column wpb_content_element\" >\n\t\t<div class=\"wpb_wrapper\">\n\t\t\t<h4>Habitaci\u00f3n privada en casa de alquiler en La Habana.<\/h4>\n<p>&nbsp;<\/p>\n<p>Estilo y comodidad para tu estad\u00eda en el Vedado. Te ofrecemos una habitaci\u00f3n privada con su ba\u00f1o individual. El dormitorio cuenta con cama King size, c\u00f3moda y lamparita.<\/p>\n<p>&nbsp;<\/p>\n<p>En una de sus paredes se destaca un alto ventanal que da paso a la ventilaci\u00f3n natural. No obstante, la rec\u00e1mara tiene split para cuando desees escapar del calor caribe\u00f1o.<\/p>\n<p>&nbsp;<\/p>\n<p>Adem\u00e1s, posee un minibar abastecido con jugos y bebidas que te resultar\u00e1n refrescantes.<\/p>\n<p>&nbsp;<\/p>\n<p>En el \u00e1rea del ba\u00f1o gozar\u00e1s de suaves toallas blancas, secador de pelo, art\u00edculos de tocador de primer nivel, as\u00ed como, ducha y grifo con agua fr\u00eda y caliente.<\/p>\n<p>&nbsp;<\/p>\n<p>Nuestra casa de alquiler ha sido dise\u00f1ada pensando en tu bienestar. En su sala-recibidor te sentir\u00e1s a gusto compartiendo con otros viajeros. Alrededor de su vitrina-bar vintage podr\u00e1s degustar nuestra selecci\u00f3n de bebidas cubanas.<\/p>\n<p>&nbsp;<\/p>\n<p>La zona del comedor te servir\u00e1 tanto para desayunar como si deseas trabajar conectada a internet. Porque s\u00ed, ofrecemos el servicio de wifi gratis.<\/p>\n<p>&nbsp;<\/p>\n<p>La terraza, sobre todo al caer la tarde, se convierte en el punto de encuentro de los viajeros. All\u00ed se toman alg\u00fan coctel cubano, mientras disfrutan de las vistas de la visa de la ciudad.<\/p>\n<p>&nbsp;<\/p>\n<p>Todo el equipo de trabajo de nuestra casa de alquiler, tendr\u00e1 la mayor disposici\u00f3n en ayudarte a disfrutar tu estancia. No olvides que desde el alojamiento podr\u00e1s ir caminando tanto a restaurantes, cines, bares, centros culturales, el malec\u00f3n habanero y mucho m\u00e1s.<\/p>\n<p>&nbsp;<\/p>\n<p>Si deseas m\u00e1s informaci\u00f3n para decidirte a reservar con nosotros, no dudes en contactarnos. \u00a1Ser\u00e1 un placer responder a tus inquietudes!<\/p>\n\n\t\t<\/div>\n\t<\/div>\n<div class=\"vc_empty_space\"   style=\"height: 32px\"><span class=\"vc_empty_space_inner\"><\/span><\/div><div class=\"vc_separator wpb_content_element vc_separator_align_center vc_sep_width_100 vc_sep_pos_align_center vc_separator_no_text vc_sep_color_grey\" ><span class=\"vc_sep_holder vc_sep_holder_l\"><span class=\"vc_sep_line\"><\/span><\/span><span class=\"vc_sep_holder vc_sep_holder_r\"><span class=\"vc_sep_line\"><\/span><\/span>\n<\/div><div class=\"vc_empty_space\"   style=\"height: 32px\"><span class=\"vc_empty_space_inner\"><\/span><\/div><div class=\"helios-heading st_1778419701  st_1778419703 center yes\"><h3 class=\"helios-title st_1778419702\">Servicios opcionales<\/h3><\/div><div class=\"vc_empty_space\"   style=\"height: 32px\"><span class=\"vc_empty_space_inner\"><\/span><\/div><div class=\"vc_row wpb_row vc_inner\"><div class=\"wpb_column column_container col-md-3\"><div class=\"vc_column-inner\"><div class=\"wpb_wrapper\">        <div class=\"title-insta\">\r\n            <div class=\"st-img-icon\"><img decoding=\"async\" src=\"https:\/\/havanaindoors.net\/wp-content\/uploads\/2023\/02\/taza-de-cafe.png\" alt=\"\" title=\"\"><\/div>\r\n            <p class=\"text\">Desayuno<\/p>\r\n        <\/div>\r\n        <\/div><\/div><\/div><div class=\"wpb_column column_container col-md-3\"><div class=\"vc_column-inner\"><div class=\"wpb_wrapper\">        <div class=\"title-insta\">\r\n            <div class=\"st-img-icon\"><img decoding=\"async\" src=\"https:\/\/havanaindoors.net\/wp-content\/uploads\/2023\/02\/guia-turistico.png\" alt=\"\" title=\"\"><\/div>\r\n            <p class=\"text\">Servicio de Gu\u00eda<\/p>\r\n        <\/div>\r\n        <\/div><\/div><\/div><div class=\"wpb_column column_container col-md-3\"><div class=\"vc_column-inner\"><div class=\"wpb_wrapper\">        <div class=\"title-insta\">\r\n            <div class=\"st-img-icon\"><img decoding=\"async\" src=\"https:\/\/havanaindoors.net\/wp-content\/uploads\/2023\/02\/lavadora.png\" alt=\"\" title=\"\"><\/div>\r\n            <p class=\"text\">Plancha de ropa<\/p>\r\n        <\/div>\r\n        <\/div><\/div><\/div><div class=\"wpb_column column_container col-md-3\"><div class=\"vc_column-inner\"><div class=\"wpb_wrapper\">        <div class=\"title-insta\">\r\n            <div class=\"st-img-icon\"><img decoding=\"async\" src=\"https:\/\/havanaindoors.net\/wp-content\/uploads\/2023\/02\/taxi.svg\" alt=\"\" title=\"\"><\/div>\r\n            <p class=\"text\">Recogida y regreso al aeropuerto<\/p>\r\n        <\/div>\r\n        <\/div><\/div><\/div><\/div><div class=\"vc_empty_space\"   style=\"height: 32px\"><span class=\"vc_empty_space_inner\"><\/span><\/div><div class=\"vc_separator wpb_content_element vc_separator_align_center vc_sep_width_100 vc_sep_pos_align_center vc_separator_no_text vc_sep_color_grey\" ><span class=\"vc_sep_holder vc_sep_holder_l\"><span class=\"vc_sep_line\"><\/span><\/span><span class=\"vc_sep_holder vc_sep_holder_r\"><span class=\"vc_sep_line\"><\/span><\/span>\n<\/div><div class=\"vc_empty_space\"   style=\"height: 32px\"><span class=\"vc_empty_space_inner\"><\/span><\/div><div class=\"helios-heading st_1778419704  st_1778419706 center yes\"><h3 class=\"helios-title st_1778419705\">Comodidades<\/h3><\/div><div class=\"vc_empty_space\"   style=\"height: 32px\"><span class=\"vc_empty_space_inner\"><\/span><\/div><div class=\"vc_row wpb_row vc_inner\"><div class=\"wpb_column column_container col-md-4\"><div class=\"vc_column-inner\"><div class=\"wpb_wrapper\">        <div class=\"title-insta\">\r\n            <div class=\"st-img-icon\"><img decoding=\"async\" src=\"https:\/\/havanaindoors.net\/wp-content\/uploads\/2023\/02\/cama_adobe_express.svg\" alt=\"\" title=\"\"><\/div>\r\n            <p class=\"text\">Ropa de cama<\/p>\r\n        <\/div>\r\n                <div class=\"title-insta\">\r\n            <div class=\"st-img-icon\"><img decoding=\"async\" src=\"https:\/\/havanaindoors.net\/wp-content\/uploads\/2023\/02\/percha_adobe_express.svg\" alt=\"\" title=\"\"><\/div>\r\n            <p class=\"text\">Perchero<\/p>\r\n        <\/div>\r\n                <div class=\"title-insta\">\r\n            <div class=\"st-img-icon\"><img decoding=\"async\" src=\"https:\/\/havanaindoors.net\/wp-content\/uploads\/2023\/02\/aire-acondicionado.svg\" alt=\"\" title=\"\"><\/div>\r\n            <p class=\"text\">Split<\/p>\r\n        <\/div>\r\n                <div class=\"title-insta\">\r\n            <div class=\"st-img-icon\"><img decoding=\"async\" src=\"https:\/\/havanaindoors.net\/wp-content\/uploads\/2023\/02\/rollo-de-tejido.png.svg\" alt=\"\" title=\"\"><\/div>\r\n            <p class=\"text\">Art\u00edculos b\u00e1sicos (Toallas, S\u00e1banas, Jab\u00f3n, Champ\u00fa, Papel higi\u00e9nico)<\/p>\r\n        <\/div>\r\n        <\/div><\/div><\/div><div class=\"wpb_column column_container col-md-4\"><div class=\"vc_column-inner\"><div class=\"wpb_wrapper\">        <div class=\"title-insta\">\r\n            <div class=\"st-img-icon\"><img decoding=\"async\" src=\"https:\/\/havanaindoors.net\/wp-content\/uploads\/2023\/02\/caja-fuerte.svg\" alt=\"\" title=\"\"><\/div>\r\n            <p class=\"text\">Caja Fuerte<\/p>\r\n        <\/div>\r\n                <div class=\"title-insta\">\r\n            <div class=\"st-img-icon\"><img decoding=\"async\" src=\"https:\/\/havanaindoors.net\/wp-content\/uploads\/2023\/02\/ducha.svg\" alt=\"\" title=\"\"><\/div>\r\n            <p class=\"text\">Agua Caliente<\/p>\r\n        <\/div>\r\n                <div class=\"title-insta\">\r\n            <div class=\"st-img-icon\"><img decoding=\"async\" src=\"https:\/\/havanaindoors.net\/wp-content\/uploads\/2023\/02\/mapa.svg\" alt=\"\" title=\"\"><\/div>\r\n            <p class=\"text\">Mapa<\/p>\r\n        <\/div>\r\n                <div class=\"title-insta\">\r\n            <div class=\"st-img-icon\"><img decoding=\"async\" src=\"https:\/\/havanaindoors.net\/wp-content\/uploads\/2023\/02\/monitor-de-tv.svg\" alt=\"\" title=\"\"><\/div>\r\n            <p class=\"text\">TV<\/p>\r\n        <\/div>\r\n        <\/div><\/div><\/div><div class=\"wpb_column column_container col-md-4\"><div class=\"vc_column-inner\"><div class=\"wpb_wrapper\">        <div class=\"title-insta\">\r\n            <div class=\"st-img-icon\"><img decoding=\"async\" src=\"https:\/\/havanaindoors.net\/wp-content\/uploads\/2023\/02\/banera_adobe_express-1.svg\" alt=\"\" title=\"\"><\/div>\r\n            <p class=\"text\">Ba\u00f1o Privado<\/p>\r\n        <\/div>\r\n                <div class=\"title-insta\">\r\n            <div class=\"st-img-icon\"><img decoding=\"async\" src=\"https:\/\/havanaindoors.net\/wp-content\/uploads\/2023\/02\/secador-de-pelo.svg\" alt=\"\" title=\"\"><\/div>\r\n            <p class=\"text\">Secadora de Pelo<\/p>\r\n        <\/div>\r\n                <div class=\"title-insta\">\r\n            <div class=\"st-img-icon\"><img decoding=\"async\" src=\"https:\/\/havanaindoors.net\/wp-content\/uploads\/2023\/02\/plancha-electrica.svg\" alt=\"\" title=\"\"><\/div>\r\n            <p class=\"text\">Plancha de ropa<\/p>\r\n        <\/div>\r\n                <div class=\"title-insta\">\r\n            <div class=\"st-img-icon\"><img decoding=\"async\" src=\"https:\/\/havanaindoors.net\/wp-content\/uploads\/2023\/02\/wifi_adobe_express.svg\" alt=\"\" title=\"\"><\/div>\r\n            <p class=\"text\">Wifi<\/p>\r\n        <\/div>\r\n        <\/div><\/div><\/div><\/div><\/div>\n\t<\/div> \n\n\t<div class=\"wpb_column column_container col-md-4\"><div class=\"vc_column-inner wpb_wrapper\">\n\t\t\t\n\t<div class=\"wpb_text_column wpb_content_element\" >\n\t\t<div class=\"wpb_wrapper\">\n\t\t\t<p><script>(function(d, s, id) {if (d.getElementById(id)) return;var js, fjs = d.getElementsByTagName(s)[0];js = d.createElement(s); js.id = id;js.src = 'https:\/\/app.your.rentals\/public\/assets\/scripts\/direct-booking-widget.js';fjs.parentNode.insertBefore(js, fjs);}(document, 'script', 'yr-direct-booking-widget-bootstrap'));<\/script><\/p>\n<div class=\"yr-widget-direct-booking\" data-yrlid=\"82500\" data-yrscid=\"PMDR\" data-uid=\"18871a33-ab39-4e07-aacc-a0fa89c92e28\"><\/div>\n\n\t\t<\/div>\n\t<\/div>\n<\/div>\n\t<\/div> \n<\/div><!--End .row--><\/div><!--End .container--><\/div>\n<\/section>","protected":false},"excerpt":{"rendered":"16 m\u00b22 persons1 bathroom1 bedDescription Private room in a house for rent in Havana &nbsp; Style and comfort for your stay in Vedado. We offer you a private room with individual bathroom. The bedroom has a king size bed, dresser and lamp. &nbsp; On one of its walls there is a large window that gives [...]","protected":false},"author":1,"featured_media":10200,"parent":0,"menu_order":0,"comment_status":"closed","ping_status":"closed","template":"template-single-hotel-modern.php","meta":{"pagelayer_contact_templates":[],"_pagelayer_content":"","_uf_show_specific_survey":0,"_uf_disable_surveys":false,"_joinchat":[],"footnotes":""},"class_list":["post-10980","page","type-page","status-publish","has-post-thumbnail","hentry"],"_links":{"self":[{"href":"https:\/\/havanaindoors.net\/es\/wp-json\/wp\/v2\/pages\/10980","targetHints":{"allow":["GET"]}}],"collection":[{"href":"https:\/\/havanaindoors.net\/es\/wp-json\/wp\/v2\/pages"}],"about":[{"href":"https:\/\/havanaindoors.net\/es\/wp-json\/wp\/v2\/types\/page"}],"author":[{"embeddable":true,"href":"https:\/\/havanaindoors.net\/es\/wp-json\/wp\/v2\/users\/1"}],"replies":[{"embeddable":true,"href":"https:\/\/havanaindoors.net\/es\/wp-json\/wp\/v2\/comments?post=10980"}],"version-history":[{"count":0,"href":"https:\/\/havanaindoors.net\/es\/wp-json\/wp\/v2\/pages\/10980\/revisions"}],"wp:featuredmedia":[{"embeddable":true,"href":"https:\/\/havanaindoors.net\/es\/wp-json\/wp\/v2\/media\/10200"}],"wp:attachment":[{"href":"https:\/\/havanaindoors.net\/es\/wp-json\/wp\/v2\/media?parent=10980"}],"curies":[{"name":"wp","href":"https:\/\/api.w.org\/{rel}","templated":true}]}}