{"id":10987,"date":"2023-02-25T20:42:42","date_gmt":"2023-02-25T20:42:42","guid":{"rendered":"https:\/\/havanaindoors.net\/?page_id=10987"},"modified":"2023-07-16T15:05:26","modified_gmt":"2023-07-16T15:05:26","slug":"accommodation-in-havana","status":"publish","type":"page","link":"https:\/\/havanaindoors.net\/es\/accommodation-in-havana\/","title":{"rendered":"Habitaci\u00f3n Est\u00e1ndar #9"},"content":{"rendered":"<section class=\"wpb-content-wrapper\"><div class=\"vc_row wpb_row st bg-holder\"><div class='container'><div class='row'>\n\t<div class=\"wpb_column column_container col-md-8\"><div class=\"vc_column-inner wpb_wrapper\">\n\t\t\t<div id=\"clasificacion\" class=\"vc_row wpb_row vc_inner facilidades\"><div class=\"wpb_column column_container col-md-3\"><div class=\"vc_column-inner\"><div class=\"wpb_wrapper\"><div class=\"vc_icon_element vc_icon_element-outer vc_icon_element-align-left\"><div class=\"vc_icon_element-inner vc_icon_element-color-custom vc_icon_element-size-md vc_icon_element-style- vc_icon_element-background-color-grey\" ><span class=\"vc_icon_element-icon far fa-building\" style=\"color:#3c636b !important\"><\/span><\/div><\/div><div class=\"helios-heading st_1778418866  st_1778418868 left yes\"><h3 class=\"helios-title st_1778418867\">12 m\u00b2<\/h3><\/div><\/div><\/div><\/div><div class=\"wpb_column column_container col-md-3\"><div class=\"vc_column-inner\"><div class=\"wpb_wrapper\"><div class=\"vc_icon_element vc_icon_element-outer vc_icon_element-align-left\"><div class=\"vc_icon_element-inner vc_icon_element-color-custom vc_icon_element-size-md vc_icon_element-style- vc_icon_element-background-color-grey\" ><span class=\"vc_icon_element-icon fas fa-user-friends\" style=\"color:#3c636b !important\"><\/span><\/div><\/div><div class=\"helios-heading st_1778418869  st_1778418871 left yes\"><h3 class=\"helios-title st_1778418870\">2 personas<\/h3><\/div><\/div><\/div><\/div><div class=\"wpb_column column_container col-md-3\"><div class=\"vc_column-inner\"><div class=\"wpb_wrapper\"><div class=\"vc_icon_element vc_icon_element-outer vc_icon_element-align-left\"><div class=\"vc_icon_element-inner vc_icon_element-color-custom vc_icon_element-size-md vc_icon_element-style- vc_icon_element-background-color-grey\" ><span class=\"vc_icon_element-icon fas fa-bath\" style=\"color:#3c636b !important\"><\/span><\/div><\/div><div class=\"helios-heading st_1778418872  st_1778418874 center yes\"><h3 class=\"helios-title st_1778418873\">1 ba\u00f1o<\/h3><\/div><\/div><\/div><\/div><div class=\"wpb_column column_container col-md-3\"><div class=\"vc_column-inner\"><div class=\"wpb_wrapper\"><div class=\"vc_icon_element vc_icon_element-outer vc_icon_element-align-left\"><div class=\"vc_icon_element-inner vc_icon_element-color-custom vc_icon_element-size-md vc_icon_element-style- vc_icon_element-background-color-grey\" ><span class=\"vc_icon_element-icon fas fa-bed\" style=\"color:#3c636b !important\"><\/span><\/div><\/div><div class=\"helios-heading st_1778418875   left yes\"><h3 class=\"helios-title st_1778418876\">1 cama<\/h3><\/div><\/div><\/div><\/div><\/div><div class=\"vc_empty_space\"   style=\"height: 10px\"><span class=\"vc_empty_space_inner\"><\/span><\/div><div class=\"fotorama\" data-allowfullscreen=\"true\" data-nav=\"thumbs\"><img fetchpriority=\"high\" decoding=\"async\" width=\"800\" height=\"600\" src=\"https:\/\/havanaindoors.net\/wp-content\/uploads\/2023\/02\/HavanaIndoors-Room-9-1-scaled-800x600.jpg\" class=\"attachment-800x600 size-800x600\" alt=\"Accommodation in Havana\" title=\"\"><img decoding=\"async\" width=\"800\" height=\"600\" src=\"https:\/\/havanaindoors.net\/wp-content\/uploads\/2023\/02\/HavanaIndoors-Room-9-3-scaled-800x600.jpg\" class=\"attachment-800x600 size-800x600\" alt=\"\" title=\"\"><img decoding=\"async\" width=\"800\" height=\"600\" src=\"https:\/\/havanaindoors.net\/wp-content\/uploads\/2023\/02\/HavanaIndoors-Room-9-4-scaled-800x600.jpg\" class=\"attachment-800x600 size-800x600\" alt=\"\" title=\"\"><img loading=\"lazy\" decoding=\"async\" width=\"800\" height=\"600\" src=\"https:\/\/havanaindoors.net\/wp-content\/uploads\/2023\/02\/HavanaIndoors-Room-9-6-scaled-800x600.jpg\" class=\"attachment-800x600 size-800x600\" alt=\"\" title=\"\"><\/div><div class=\"vc_empty_space\"   style=\"height: 32px\"><span class=\"vc_empty_space_inner\"><\/span><\/div><div class=\"helios-heading st_1778418877  st_1778418879 center yes\"><h3 class=\"helios-title st_1778418878\">Descripci\u00f3n<\/h3><\/div><div class=\"vc_empty_space\"   style=\"height: 32px\"><span class=\"vc_empty_space_inner\"><\/span><\/div>\n\t<div class=\"wpb_text_column wpb_content_element\" >\n\t\t<div class=\"wpb_wrapper\">\n\t\t\t<h4>Alojamiento en La Habana: Habitaci\u00f3n privada en el Vedado.<\/h4>\n<p>&nbsp;<\/p>\n<p>Habitaci\u00f3n ubicada en el piso superior de un hostal de lujo en el vedado.  Ideal si deseas mayor privacidad durante tu estancia en La Habana.<\/p>\n<p>&nbsp;<\/p>\n<p>La rec\u00e1mara invita el descanso en su cama matrimonial y para los m\u00e1s presumidos brinda una c\u00f3moda con espejo.<\/p>\n<p>&nbsp;<\/p>\n<p>En el ba\u00f1o encontrar\u00e1s la relajaci\u00f3n. Posee ducha y grifo con agua fr\u00eda y caliente, art\u00edculos de tocador de primer nivel; as\u00ed como secador de pelo.<\/p>\n<p>&nbsp;<\/p>\n<p>Tendr\u00e1s acceso a las zonas comunes del hostal para que compartas con el resto de los hu\u00e9spedes y conversen sobre La Habana que van descubriendo.  Disfrutar\u00e1s de la sala-recibidor, comedor y de la amplia terraza no techada.<\/p>\n<p>&nbsp;<\/p>\n<p>Durante tu estad\u00eda en el alojamiento, te ofrecemos el acceso a la wifi gratis. Podr\u00e1s compartir con tus seres queridos las experiencias que vayas viviendo o puedes usar el acceso a internet para trabajar.<\/p>\n<p>&nbsp;<\/p>\n<p>Gracias a nuestra privilegiada ubicaci\u00f3n, estar\u00e1s cerca de las principales atracciones de la ciudad. Incluso a la zona del casco hist\u00f3rico \u2013 que es la que m\u00e1s alejada nos que queda \u2013 podr\u00e1s llegar solo tomando un taxi  justo en la avenida en que se encuentra el hostal. \u00a1Genial! \u00bfVerdad?<\/p>\n<p>&nbsp;<\/p>\n<p>Todo nuestro equipo de trabajo, estar\u00e1 encantado de recibirte.<\/p>\n\n\t\t<\/div>\n\t<\/div>\n<div class=\"vc_empty_space\"   style=\"height: 32px\"><span class=\"vc_empty_space_inner\"><\/span><\/div><div class=\"vc_separator wpb_content_element vc_separator_align_center vc_sep_width_100 vc_sep_pos_align_center vc_separator_no_text vc_sep_color_grey\" ><span class=\"vc_sep_holder vc_sep_holder_l\"><span class=\"vc_sep_line\"><\/span><\/span><span class=\"vc_sep_holder vc_sep_holder_r\"><span class=\"vc_sep_line\"><\/span><\/span>\n<\/div><div class=\"vc_empty_space\"   style=\"height: 32px\"><span class=\"vc_empty_space_inner\"><\/span><\/div><div class=\"helios-heading st_1778418880  st_1778418882 center yes\"><h3 class=\"helios-title st_1778418881\">Servicios opcionales<\/h3><\/div><div class=\"vc_empty_space\"   style=\"height: 32px\"><span class=\"vc_empty_space_inner\"><\/span><\/div><div class=\"vc_row wpb_row vc_inner\"><div class=\"wpb_column column_container col-md-3\"><div class=\"vc_column-inner\"><div class=\"wpb_wrapper\">        <div class=\"title-insta\">\r\n            <div class=\"st-img-icon\"><img decoding=\"async\" src=\"https:\/\/havanaindoors.net\/wp-content\/uploads\/2023\/02\/taza-de-cafe.png\" alt=\"\" title=\"\"><\/div>\r\n            <p class=\"text\">Desayuno<\/p>\r\n        <\/div>\r\n        <\/div><\/div><\/div><div class=\"wpb_column column_container col-md-3\"><div class=\"vc_column-inner\"><div class=\"wpb_wrapper\">        <div class=\"title-insta\">\r\n            <div class=\"st-img-icon\"><img decoding=\"async\" src=\"https:\/\/havanaindoors.net\/wp-content\/uploads\/2023\/02\/guia-turistico.png\" alt=\"\" title=\"\"><\/div>\r\n            <p class=\"text\">Servicio de Gu\u00eda<\/p>\r\n        <\/div>\r\n        <\/div><\/div><\/div><div class=\"wpb_column column_container col-md-3\"><div class=\"vc_column-inner\"><div class=\"wpb_wrapper\">        <div class=\"title-insta\">\r\n            <div class=\"st-img-icon\"><img decoding=\"async\" src=\"https:\/\/havanaindoors.net\/wp-content\/uploads\/2023\/02\/lavadora.png\" alt=\"\" title=\"\"><\/div>\r\n            <p class=\"text\">Plancha de ropa<\/p>\r\n        <\/div>\r\n        <\/div><\/div><\/div><div class=\"wpb_column column_container col-md-3\"><div class=\"vc_column-inner\"><div class=\"wpb_wrapper\">        <div class=\"title-insta\">\r\n            <div class=\"st-img-icon\"><img decoding=\"async\" src=\"https:\/\/havanaindoors.net\/wp-content\/uploads\/2023\/02\/taxi.svg\" alt=\"\" title=\"\"><\/div>\r\n            <p class=\"text\">Recogida y regreso al aeropuerto<\/p>\r\n        <\/div>\r\n        <\/div><\/div><\/div><\/div><div class=\"vc_empty_space\"   style=\"height: 32px\"><span class=\"vc_empty_space_inner\"><\/span><\/div><div class=\"vc_separator wpb_content_element vc_separator_align_center vc_sep_width_100 vc_sep_pos_align_center vc_separator_no_text vc_sep_color_grey\" ><span class=\"vc_sep_holder vc_sep_holder_l\"><span class=\"vc_sep_line\"><\/span><\/span><span class=\"vc_sep_holder vc_sep_holder_r\"><span class=\"vc_sep_line\"><\/span><\/span>\n<\/div><div class=\"vc_empty_space\"   style=\"height: 32px\"><span class=\"vc_empty_space_inner\"><\/span><\/div><div class=\"helios-heading st_1778418883  st_1778418885 center yes\"><h3 class=\"helios-title st_1778418884\">Comodidades<\/h3><\/div><div class=\"vc_empty_space\"   style=\"height: 32px\"><span class=\"vc_empty_space_inner\"><\/span><\/div><div class=\"vc_row wpb_row vc_inner\"><div class=\"wpb_column column_container col-md-4\"><div class=\"vc_column-inner\"><div class=\"wpb_wrapper\">        <div class=\"title-insta\">\r\n            <div class=\"st-img-icon\"><img decoding=\"async\" src=\"https:\/\/havanaindoors.net\/wp-content\/uploads\/2023\/02\/cama_adobe_express.svg\" alt=\"\" title=\"\"><\/div>\r\n            <p class=\"text\">Ropa de cama<\/p>\r\n        <\/div>\r\n                <div class=\"title-insta\">\r\n            <div class=\"st-img-icon\"><img decoding=\"async\" src=\"https:\/\/havanaindoors.net\/wp-content\/uploads\/2023\/02\/percha_adobe_express.svg\" alt=\"\" title=\"\"><\/div>\r\n            <p class=\"text\">Perchero<\/p>\r\n        <\/div>\r\n                <div class=\"title-insta\">\r\n            <div class=\"st-img-icon\"><img decoding=\"async\" src=\"https:\/\/havanaindoors.net\/wp-content\/uploads\/2023\/02\/aire-acondicionado.svg\" alt=\"\" title=\"\"><\/div>\r\n            <p class=\"text\">Split<\/p>\r\n        <\/div>\r\n                <div class=\"title-insta\">\r\n            <div class=\"st-img-icon\"><img decoding=\"async\" src=\"https:\/\/havanaindoors.net\/wp-content\/uploads\/2023\/02\/rollo-de-tejido.png.svg\" alt=\"\" title=\"\"><\/div>\r\n            <p class=\"text\">Art\u00edculos b\u00e1sicos (Toallas, S\u00e1banas, Jab\u00f3n, Champ\u00fa, Papel higi\u00e9nico)<\/p>\r\n        <\/div>\r\n        <\/div><\/div><\/div><div class=\"wpb_column column_container col-md-4\"><div class=\"vc_column-inner\"><div class=\"wpb_wrapper\">        <div class=\"title-insta\">\r\n            <div class=\"st-img-icon\"><img decoding=\"async\" src=\"https:\/\/havanaindoors.net\/wp-content\/uploads\/2023\/02\/caja-fuerte.svg\" alt=\"\" title=\"\"><\/div>\r\n            <p class=\"text\">Caja Fuerte<\/p>\r\n        <\/div>\r\n                <div class=\"title-insta\">\r\n            <div class=\"st-img-icon\"><img decoding=\"async\" src=\"https:\/\/havanaindoors.net\/wp-content\/uploads\/2023\/02\/ducha.svg\" alt=\"\" title=\"\"><\/div>\r\n            <p class=\"text\">Agua Caliente<\/p>\r\n        <\/div>\r\n                <div class=\"title-insta\">\r\n            <div class=\"st-img-icon\"><img decoding=\"async\" src=\"https:\/\/havanaindoors.net\/wp-content\/uploads\/2023\/02\/mapa.svg\" alt=\"\" title=\"\"><\/div>\r\n            <p class=\"text\">Mapa<\/p>\r\n        <\/div>\r\n                <div class=\"title-insta\">\r\n            <div class=\"st-img-icon\"><img decoding=\"async\" src=\"https:\/\/havanaindoors.net\/wp-content\/uploads\/2023\/02\/monitor-de-tv.svg\" alt=\"\" title=\"\"><\/div>\r\n            <p class=\"text\">TV<\/p>\r\n        <\/div>\r\n        <\/div><\/div><\/div><div class=\"wpb_column column_container col-md-4\"><div class=\"vc_column-inner\"><div class=\"wpb_wrapper\">        <div class=\"title-insta\">\r\n            <div class=\"st-img-icon\"><img decoding=\"async\" src=\"https:\/\/havanaindoors.net\/wp-content\/uploads\/2023\/02\/banera_adobe_express-1.svg\" alt=\"\" title=\"\"><\/div>\r\n            <p class=\"text\">Ba\u00f1o Privado<\/p>\r\n        <\/div>\r\n                <div class=\"title-insta\">\r\n            <div class=\"st-img-icon\"><img decoding=\"async\" src=\"https:\/\/havanaindoors.net\/wp-content\/uploads\/2023\/02\/secador-de-pelo.svg\" alt=\"\" title=\"\"><\/div>\r\n            <p class=\"text\">Secadora de Pelo<\/p>\r\n        <\/div>\r\n                <div class=\"title-insta\">\r\n            <div class=\"st-img-icon\"><img decoding=\"async\" src=\"https:\/\/havanaindoors.net\/wp-content\/uploads\/2023\/02\/plancha-electrica.svg\" alt=\"\" title=\"\"><\/div>\r\n            <p class=\"text\">Plancha de ropa<\/p>\r\n        <\/div>\r\n                <div class=\"title-insta\">\r\n            <div class=\"st-img-icon\"><img decoding=\"async\" src=\"https:\/\/havanaindoors.net\/wp-content\/uploads\/2023\/02\/wifi_adobe_express.svg\" alt=\"\" title=\"\"><\/div>\r\n            <p class=\"text\">Wifi<\/p>\r\n        <\/div>\r\n        <\/div><\/div><\/div><\/div><\/div>\n\t<\/div> \n\n\t<div class=\"wpb_column column_container col-md-4\"><div class=\"vc_column-inner wpb_wrapper\">\n\t\t\t\n\t<div class=\"wpb_text_column wpb_content_element\" >\n\t\t<div class=\"wpb_wrapper\">\n\t\t\t<p><script>(function(d, s, id) {if (d.getElementById(id)) return;var js, fjs = d.getElementsByTagName(s)[0];js = d.createElement(s); js.id = id;js.src = 'https:\/\/app.your.rentals\/public\/assets\/scripts\/direct-booking-widget.js';fjs.parentNode.insertBefore(js, fjs);}(document, 'script', 'yr-direct-booking-widget-bootstrap'));<\/script><\/p>\n<div class=\"yr-widget-direct-booking\" data-yrlid=\"82718\" data-yrscid=\"PMDR\" data-uid=\"18871a33-ab39-4e07-aacc-a0fa89c92e28\"><\/div>\n\n\t\t<\/div>\n\t<\/div>\n<\/div>\n\t<\/div> \n<\/div><!--End .row--><\/div><!--End .container--><\/div>\n<\/section>","protected":false},"excerpt":{"rendered":"12 m\u00b22 persons1 bathroom1 bedDescription Accommodation in Havana: Private Room in Vedado &nbsp; Room located on the top floor of a luxury hostel in Vedado. Ideal if you want more privacy during your stay in Havana. &nbsp; The bedroom invites you to rest in its double bed and for the most presumptuous it offers a [...]","protected":false},"author":1,"featured_media":10751,"parent":0,"menu_order":0,"comment_status":"closed","ping_status":"closed","template":"template-single-hotel-modern.php","meta":{"pagelayer_contact_templates":[],"_pagelayer_content":"","_uf_show_specific_survey":0,"_uf_disable_surveys":false,"_joinchat":[],"footnotes":""},"class_list":["post-10987","page","type-page","status-publish","has-post-thumbnail","hentry"],"_links":{"self":[{"href":"https:\/\/havanaindoors.net\/es\/wp-json\/wp\/v2\/pages\/10987","targetHints":{"allow":["GET"]}}],"collection":[{"href":"https:\/\/havanaindoors.net\/es\/wp-json\/wp\/v2\/pages"}],"about":[{"href":"https:\/\/havanaindoors.net\/es\/wp-json\/wp\/v2\/types\/page"}],"author":[{"embeddable":true,"href":"https:\/\/havanaindoors.net\/es\/wp-json\/wp\/v2\/users\/1"}],"replies":[{"embeddable":true,"href":"https:\/\/havanaindoors.net\/es\/wp-json\/wp\/v2\/comments?post=10987"}],"version-history":[{"count":0,"href":"https:\/\/havanaindoors.net\/es\/wp-json\/wp\/v2\/pages\/10987\/revisions"}],"wp:featuredmedia":[{"embeddable":true,"href":"https:\/\/havanaindoors.net\/es\/wp-json\/wp\/v2\/media\/10751"}],"wp:attachment":[{"href":"https:\/\/havanaindoors.net\/es\/wp-json\/wp\/v2\/media?parent=10987"}],"curies":[{"name":"wp","href":"https:\/\/api.w.org\/{rel}","templated":true}]}}