{"id":11007,"date":"2023-02-26T14:58:14","date_gmt":"2023-02-26T14:58:14","guid":{"rendered":"https:\/\/havanaindoors.net\/?page_id=11007"},"modified":"2023-07-24T02:49:02","modified_gmt":"2023-07-24T02:49:02","slug":"lodging-in-havana","status":"publish","type":"page","link":"https:\/\/havanaindoors.net\/es\/lodging-in-havana\/","title":{"rendered":"Habitaci\u00f3n Superior #8"},"content":{"rendered":"<section class=\"wpb-content-wrapper\"><div class=\"vc_row wpb_row st bg-holder\"><div class='container'><div class='row'>\n\t<div class=\"wpb_column column_container col-md-8\"><div class=\"vc_column-inner wpb_wrapper\">\n\t\t\t<div id=\"clasificacion\" class=\"vc_row wpb_row vc_inner facilidades\"><div class=\"wpb_column column_container col-md-3\"><div class=\"vc_column-inner\"><div class=\"wpb_wrapper\"><div class=\"vc_icon_element vc_icon_element-outer vc_icon_element-align-left\"><div class=\"vc_icon_element-inner vc_icon_element-color-custom vc_icon_element-size-md vc_icon_element-style- vc_icon_element-background-color-grey\" ><span class=\"vc_icon_element-icon far fa-building\" style=\"color:#3c636b !important\"><\/span><\/div><\/div><div class=\"helios-heading st_1778419237  st_1778419239 left yes\"><h3 class=\"helios-title st_1778419238\">16 m\u00b2<\/h3><\/div><\/div><\/div><\/div><div class=\"wpb_column column_container col-md-3\"><div class=\"vc_column-inner\"><div class=\"wpb_wrapper\"><div class=\"vc_icon_element vc_icon_element-outer vc_icon_element-align-left\"><div class=\"vc_icon_element-inner vc_icon_element-color-custom vc_icon_element-size-md vc_icon_element-style- vc_icon_element-background-color-grey\" ><span class=\"vc_icon_element-icon fas fa-user-friends\" style=\"color:#3c636b !important\"><\/span><\/div><\/div><div class=\"helios-heading st_1778419240  st_1778419242 left yes\"><h3 class=\"helios-title st_1778419241\">2 personas<\/h3><\/div><\/div><\/div><\/div><div class=\"wpb_column column_container col-md-3\"><div class=\"vc_column-inner\"><div class=\"wpb_wrapper\"><div class=\"vc_icon_element vc_icon_element-outer vc_icon_element-align-left\"><div class=\"vc_icon_element-inner vc_icon_element-color-custom vc_icon_element-size-md vc_icon_element-style- vc_icon_element-background-color-grey\" ><span class=\"vc_icon_element-icon fas fa-bath\" style=\"color:#3c636b !important\"><\/span><\/div><\/div><div class=\"helios-heading st_1778419243  st_1778419245 center yes\"><h3 class=\"helios-title st_1778419244\">1 ba\u00f1o<\/h3><\/div><\/div><\/div><\/div><div class=\"wpb_column column_container col-md-3\"><div class=\"vc_column-inner\"><div class=\"wpb_wrapper\"><div class=\"vc_icon_element vc_icon_element-outer vc_icon_element-align-left\"><div class=\"vc_icon_element-inner vc_icon_element-color-custom vc_icon_element-size-md vc_icon_element-style- vc_icon_element-background-color-grey\" ><span class=\"vc_icon_element-icon fas fa-bed\" style=\"color:#3c636b !important\"><\/span><\/div><\/div><div class=\"helios-heading st_1778419246   left yes\"><h3 class=\"helios-title st_1778419247\">1 cama<\/h3><\/div><\/div><\/div><\/div><\/div><div class=\"vc_empty_space\"   style=\"height: 10px\"><span class=\"vc_empty_space_inner\"><\/span><\/div><div class=\"fotorama\" data-allowfullscreen=\"true\" data-nav=\"thumbs\"><img fetchpriority=\"high\" decoding=\"async\" width=\"800\" height=\"600\" src=\"https:\/\/havanaindoors.net\/wp-content\/uploads\/2015\/02\/Fulvio-Bugani-Havana-indoors-32-800x600.jpg\" class=\"attachment-800x600 size-800x600\" alt=\"lodging in Havana\" title=\"\"><img decoding=\"async\" width=\"800\" height=\"600\" src=\"https:\/\/havanaindoors.net\/wp-content\/uploads\/2023\/02\/Fulvio-Bugani-Havana-indoors-33-800x600.jpg\" class=\"attachment-800x600 size-800x600\" alt=\"\" title=\"\"><img decoding=\"async\" width=\"800\" height=\"600\" src=\"https:\/\/havanaindoors.net\/wp-content\/uploads\/2023\/02\/IMG-20221217-WA0003-800x600.jpg\" class=\"attachment-800x600 size-800x600\" alt=\"\" title=\"\"><img loading=\"lazy\" decoding=\"async\" width=\"800\" height=\"600\" src=\"https:\/\/havanaindoors.net\/wp-content\/uploads\/2023\/02\/IMG-20221217-WA0007-800x600.jpg\" class=\"attachment-800x600 size-800x600\" alt=\"\" title=\"\"><img loading=\"lazy\" decoding=\"async\" width=\"800\" height=\"600\" src=\"https:\/\/havanaindoors.net\/wp-content\/uploads\/2023\/02\/IMG-20221217-WA0013-800x600.jpg\" class=\"attachment-800x600 size-800x600\" alt=\"\" title=\"\"><img loading=\"lazy\" decoding=\"async\" width=\"800\" height=\"600\" src=\"https:\/\/havanaindoors.net\/wp-content\/uploads\/2023\/02\/IMG-20221217-WA0015-800x600.jpg\" class=\"attachment-800x600 size-800x600\" alt=\"\" title=\"\"><\/div><div class=\"vc_empty_space\"   style=\"height: 32px\"><span class=\"vc_empty_space_inner\"><\/span><\/div><div class=\"helios-heading st_1778419248  st_1778419250 center yes\"><h3 class=\"helios-title st_1778419249\">Descripci\u00f3n<\/h3><\/div><div class=\"vc_empty_space\"   style=\"height: 32px\"><span class=\"vc_empty_space_inner\"><\/span><\/div>\n\t<div class=\"wpb_text_column wpb_content_element\" >\n\t\t<div class=\"wpb_wrapper\">\n\t\t\t<h4>Alojamiento en La Habana: habitaci\u00f3n con ba\u00f1o privado, desayuno incluido y wifi gratis.<\/h4>\n<p>&nbsp;<\/p>\n<p>Descubre el Vedado, La Habana, alojado en una de las habitaciones standards de nuestro hostal.<\/p>\n<p>Cada detalle del dormitorio ha sido seleccionado pensando en tu confort. Posee cama king size, tv pantalla plana y Split que te resultar\u00e1 refrescante cuando quieras descansar del calor de la isla. Adem\u00e1s cuenta con minibar abastecido con jugos y bebidas.<\/p>\n<p>&nbsp;<\/p>\n<p>El cuarto tiene ba\u00f1o privado y en el encontrar\u00e1s la total relajaci\u00f3n. Su ducha y grifo tienen agua fr\u00eda y caliente, tiene toallas blancas y suaves, art\u00edculos de tocador de primer nivel y secador de pelo.<\/p>\n<p>&nbsp;<\/p>\n<p>Deseamos que nuestro alojamiento en La Habana, sea tu hogar lejos de casa. Por eso, tendr\u00e1s acceso a la sala-recibidor, comedor y terraza no techada. Ser\u00e1n el espacio id\u00f3neo para compartir con otros viajeros e intercambiar vivencias.<\/p>\n<p>&nbsp;<\/p>\n<p>Para que est\u00e9s conectado, ya sea por trabajo o por placer, te ofrecemos el servicio de wifi gratis.<\/p>\n<p>&nbsp;<\/p>\n<p>El personal del hostal, estar\u00e1 presente las 24 horas, siempre disponible para brindarte sus recomendaciones. Recuerda que por  nuestra ubicaci\u00f3n en el Vedado, estamos a solo minutos de restaurantes, bares, tiendas, la F\u00e1brica de Arte y m\u00e1s.<\/p>\n<p>&nbsp;<\/p>\n<p>Si te animas a hospedarte en nuestro alojamiento en La Habana, no te quepa dudas que te sentir\u00e1s como en casa.<\/p>\n\n\t\t<\/div>\n\t<\/div>\n<div class=\"vc_empty_space\"   style=\"height: 32px\"><span class=\"vc_empty_space_inner\"><\/span><\/div><div class=\"vc_separator wpb_content_element vc_separator_align_center vc_sep_width_100 vc_sep_pos_align_center vc_separator_no_text vc_sep_color_grey\" ><span class=\"vc_sep_holder vc_sep_holder_l\"><span class=\"vc_sep_line\"><\/span><\/span><span class=\"vc_sep_holder vc_sep_holder_r\"><span class=\"vc_sep_line\"><\/span><\/span>\n<\/div><div class=\"vc_empty_space\"   style=\"height: 32px\"><span class=\"vc_empty_space_inner\"><\/span><\/div><div class=\"helios-heading st_1778419251  st_1778419253 center yes\"><h3 class=\"helios-title st_1778419252\">Servicios opcionales<\/h3><\/div><div class=\"vc_empty_space\"   style=\"height: 32px\"><span class=\"vc_empty_space_inner\"><\/span><\/div><div class=\"vc_row wpb_row vc_inner\"><div class=\"wpb_column column_container col-md-3\"><div class=\"vc_column-inner\"><div class=\"wpb_wrapper\">        <div class=\"title-insta\">\r\n            <div class=\"st-img-icon\"><img decoding=\"async\" src=\"https:\/\/havanaindoors.net\/wp-content\/uploads\/2023\/02\/taza-de-cafe.png\" alt=\"\" title=\"\"><\/div>\r\n            <p class=\"text\">Desayuno<\/p>\r\n        <\/div>\r\n        <\/div><\/div><\/div><div class=\"wpb_column column_container col-md-3\"><div class=\"vc_column-inner\"><div class=\"wpb_wrapper\">        <div class=\"title-insta\">\r\n            <div class=\"st-img-icon\"><img decoding=\"async\" src=\"https:\/\/havanaindoors.net\/wp-content\/uploads\/2023\/02\/guia-turistico.png\" alt=\"\" title=\"\"><\/div>\r\n            <p class=\"text\">Servicio de Gu\u00eda<\/p>\r\n        <\/div>\r\n        <\/div><\/div><\/div><div class=\"wpb_column column_container col-md-3\"><div class=\"vc_column-inner\"><div class=\"wpb_wrapper\">        <div class=\"title-insta\">\r\n            <div class=\"st-img-icon\"><img decoding=\"async\" src=\"https:\/\/havanaindoors.net\/wp-content\/uploads\/2023\/02\/lavadora.png\" alt=\"\" title=\"\"><\/div>\r\n            <p class=\"text\">Plancha de ropa<\/p>\r\n        <\/div>\r\n        <\/div><\/div><\/div><div class=\"wpb_column column_container col-md-3\"><div class=\"vc_column-inner\"><div class=\"wpb_wrapper\">        <div class=\"title-insta\">\r\n            <div class=\"st-img-icon\"><img decoding=\"async\" src=\"https:\/\/havanaindoors.net\/wp-content\/uploads\/2023\/02\/taxi.svg\" alt=\"\" title=\"\"><\/div>\r\n            <p class=\"text\">Recogida y regreso al aeropuerto<\/p>\r\n        <\/div>\r\n        <\/div><\/div><\/div><\/div><div class=\"vc_empty_space\"   style=\"height: 32px\"><span class=\"vc_empty_space_inner\"><\/span><\/div><div class=\"vc_separator wpb_content_element vc_separator_align_center vc_sep_width_100 vc_sep_pos_align_center vc_separator_no_text vc_sep_color_grey\" ><span class=\"vc_sep_holder vc_sep_holder_l\"><span class=\"vc_sep_line\"><\/span><\/span><span class=\"vc_sep_holder vc_sep_holder_r\"><span class=\"vc_sep_line\"><\/span><\/span>\n<\/div><div class=\"vc_empty_space\"   style=\"height: 32px\"><span class=\"vc_empty_space_inner\"><\/span><\/div><div class=\"helios-heading st_1778419254  st_1778419256 center yes\"><h3 class=\"helios-title st_1778419255\">Comodidades<\/h3><\/div><div class=\"vc_empty_space\"   style=\"height: 32px\"><span class=\"vc_empty_space_inner\"><\/span><\/div><div class=\"vc_row wpb_row vc_inner\"><div class=\"wpb_column column_container col-md-4\"><div class=\"vc_column-inner\"><div class=\"wpb_wrapper\">        <div class=\"title-insta\">\r\n            <div class=\"st-img-icon\"><img decoding=\"async\" src=\"https:\/\/havanaindoors.net\/wp-content\/uploads\/2023\/02\/cama_adobe_express.svg\" alt=\"\" title=\"\"><\/div>\r\n            <p class=\"text\">Ropa de cama<\/p>\r\n        <\/div>\r\n                <div class=\"title-insta\">\r\n            <div class=\"st-img-icon\"><img decoding=\"async\" src=\"https:\/\/havanaindoors.net\/wp-content\/uploads\/2023\/02\/percha_adobe_express.svg\" alt=\"\" title=\"\"><\/div>\r\n            <p class=\"text\">Perchero<\/p>\r\n        <\/div>\r\n                <div class=\"title-insta\">\r\n            <div class=\"st-img-icon\"><img decoding=\"async\" src=\"https:\/\/havanaindoors.net\/wp-content\/uploads\/2023\/02\/aire-acondicionado.svg\" alt=\"\" title=\"\"><\/div>\r\n            <p class=\"text\">Split<\/p>\r\n        <\/div>\r\n                <div class=\"title-insta\">\r\n            <div class=\"st-img-icon\"><img decoding=\"async\" src=\"https:\/\/havanaindoors.net\/wp-content\/uploads\/2023\/02\/rollo-de-tejido.png.svg\" alt=\"\" title=\"\"><\/div>\r\n            <p class=\"text\">Art\u00edculos b\u00e1sicos (Toallas, S\u00e1banas, Jab\u00f3n, Champ\u00fa, Papel higi\u00e9nico)<\/p>\r\n        <\/div>\r\n        <\/div><\/div><\/div><div class=\"wpb_column column_container col-md-4\"><div class=\"vc_column-inner\"><div class=\"wpb_wrapper\">        <div class=\"title-insta\">\r\n            <div class=\"st-img-icon\"><img decoding=\"async\" src=\"https:\/\/havanaindoors.net\/wp-content\/uploads\/2023\/02\/caja-fuerte.svg\" alt=\"\" title=\"\"><\/div>\r\n            <p class=\"text\">Caja Fuerte<\/p>\r\n        <\/div>\r\n                <div class=\"title-insta\">\r\n            <div class=\"st-img-icon\"><img decoding=\"async\" src=\"https:\/\/havanaindoors.net\/wp-content\/uploads\/2023\/02\/ducha.svg\" alt=\"\" title=\"\"><\/div>\r\n            <p class=\"text\">Agua Caliente<\/p>\r\n        <\/div>\r\n                <div class=\"title-insta\">\r\n            <div class=\"st-img-icon\"><img decoding=\"async\" src=\"https:\/\/havanaindoors.net\/wp-content\/uploads\/2023\/02\/mapa.svg\" alt=\"\" title=\"\"><\/div>\r\n            <p class=\"text\">Mapa<\/p>\r\n        <\/div>\r\n                <div class=\"title-insta\">\r\n            <div class=\"st-img-icon\"><img decoding=\"async\" src=\"https:\/\/havanaindoors.net\/wp-content\/uploads\/2023\/02\/monitor-de-tv.svg\" alt=\"\" title=\"\"><\/div>\r\n            <p class=\"text\">TV<\/p>\r\n        <\/div>\r\n        <\/div><\/div><\/div><div class=\"wpb_column column_container col-md-4\"><div class=\"vc_column-inner\"><div class=\"wpb_wrapper\">        <div class=\"title-insta\">\r\n            <div class=\"st-img-icon\"><img decoding=\"async\" src=\"https:\/\/havanaindoors.net\/wp-content\/uploads\/2023\/02\/banera_adobe_express-1.svg\" alt=\"\" title=\"\"><\/div>\r\n            <p class=\"text\">Ba\u00f1o Privado<\/p>\r\n        <\/div>\r\n                <div class=\"title-insta\">\r\n            <div class=\"st-img-icon\"><img decoding=\"async\" src=\"https:\/\/havanaindoors.net\/wp-content\/uploads\/2023\/02\/secador-de-pelo.svg\" alt=\"\" title=\"\"><\/div>\r\n            <p class=\"text\">Secadora de Pelo<\/p>\r\n        <\/div>\r\n                <div class=\"title-insta\">\r\n            <div class=\"st-img-icon\"><img decoding=\"async\" src=\"https:\/\/havanaindoors.net\/wp-content\/uploads\/2023\/02\/plancha-electrica.svg\" alt=\"\" title=\"\"><\/div>\r\n            <p class=\"text\">Plancha de ropa<\/p>\r\n        <\/div>\r\n                <div class=\"title-insta\">\r\n            <div class=\"st-img-icon\"><img decoding=\"async\" src=\"https:\/\/havanaindoors.net\/wp-content\/uploads\/2023\/02\/wifi_adobe_express.svg\" alt=\"\" title=\"\"><\/div>\r\n            <p class=\"text\">Wifi<\/p>\r\n        <\/div>\r\n        <\/div><\/div><\/div><\/div><\/div>\n\t<\/div> \n\n\t<div class=\"wpb_column column_container col-md-4\"><div class=\"vc_column-inner wpb_wrapper\">\n\t\t\t\n\t<div class=\"wpb_text_column wpb_content_element\" >\n\t\t<div class=\"wpb_wrapper\">\n\t\t\t<p><script>(function(d, s, id) {if (d.getElementById(id)) return;var js, fjs = d.getElementsByTagName(s)[0];js = d.createElement(s); js.id = id;js.src = 'https:\/\/app.your.rentals\/public\/assets\/scripts\/direct-booking-widget.js';fjs.parentNode.insertBefore(js, fjs);}(document, 'script', 'yr-direct-booking-widget-bootstrap'));<\/script><\/p>\n<div class=\"yr-widget-direct-booking\" data-yrlid=\"82506\" data-yrscid=\"PMDR\" data-uid=\"18871a33-ab39-4e07-aacc-a0fa89c92e28\"><\/div>\n\n\t\t<\/div>\n\t<\/div>\n<\/div>\n\t<\/div> \n<\/div><!--End .row--><\/div><!--End .container--><\/div>\n<\/section>","protected":false},"excerpt":{"rendered":"16 m\u00b22 persons1 bathroom1 bedDescription Lodging in Havana: room with private bathroom, breakfast included and free wifi &nbsp; Discover Vedado, Havana, staying in one of the standard rooms of our hostel. Every detail of the room has been selected with your comfort in mind. It has a king size bed, flat screen TV and Split [...]","protected":false},"author":1,"featured_media":10208,"parent":0,"menu_order":0,"comment_status":"closed","ping_status":"closed","template":"template-single-hotel-modern.php","meta":{"pagelayer_contact_templates":[],"_pagelayer_content":"","_uf_show_specific_survey":0,"_uf_disable_surveys":false,"_joinchat":[],"footnotes":""},"class_list":["post-11007","page","type-page","status-publish","has-post-thumbnail","hentry"],"_links":{"self":[{"href":"https:\/\/havanaindoors.net\/es\/wp-json\/wp\/v2\/pages\/11007","targetHints":{"allow":["GET"]}}],"collection":[{"href":"https:\/\/havanaindoors.net\/es\/wp-json\/wp\/v2\/pages"}],"about":[{"href":"https:\/\/havanaindoors.net\/es\/wp-json\/wp\/v2\/types\/page"}],"author":[{"embeddable":true,"href":"https:\/\/havanaindoors.net\/es\/wp-json\/wp\/v2\/users\/1"}],"replies":[{"embeddable":true,"href":"https:\/\/havanaindoors.net\/es\/wp-json\/wp\/v2\/comments?post=11007"}],"version-history":[{"count":0,"href":"https:\/\/havanaindoors.net\/es\/wp-json\/wp\/v2\/pages\/11007\/revisions"}],"wp:featuredmedia":[{"embeddable":true,"href":"https:\/\/havanaindoors.net\/es\/wp-json\/wp\/v2\/media\/10208"}],"wp:attachment":[{"href":"https:\/\/havanaindoors.net\/es\/wp-json\/wp\/v2\/media?parent=11007"}],"curies":[{"name":"wp","href":"https:\/\/api.w.org\/{rel}","templated":true}]}}