{"id":11205,"date":"2023-03-05T18:23:09","date_gmt":"2023-03-05T18:23:09","guid":{"rendered":"https:\/\/havanaindoors.net\/?page_id=11205"},"modified":"2023-07-27T22:30:45","modified_gmt":"2023-07-27T22:30:45","slug":"rooms-for-rent-havana-vedado","status":"publish","type":"page","link":"https:\/\/havanaindoors.net\/es\/rooms-for-rent-havana-vedado\/","title":{"rendered":"Rooms for rent"},"content":{"rendered":"<section class=\"wpb-content-wrapper\"><div id=\"idlistroom\" class=\"vc_row wpb_row st bg-holder\"><div class='container'><div class='row'>\n\t<div class=\"wpb_column column_container col-md-12\"><div class=\"vc_column-inner wpb_wrapper\">\n\t\t\t    <div class=\"content-text padding-0 st-default\">\r\n        <div class=\"st-text-center\">\r\n            <h2 class=\"text-center\">Imagina despertar cada ma\u00f1ana en el coraz\u00f3n del Vedado<\/h2>\r\n            <div class=\"box__separator  hidden-thumb\"><\/div>\r\n            <div class=\"text-center\">...rodeado de una decoraci\u00f3n que evoca al encanto y la elegancia de la \u00e9poca neo-colonial.<\/p>\n<p>&nbsp;<\/p>\n<p>Ponemos a tu disposici\u00f3n  9 habitaciones para renta en las  que disfrutar\u00e1s de un descanso reparador cuando regreses de tus paseos por La Habana.<\/p>\n<p>&nbsp;<\/p>\n<p>Todas las rec\u00e1mamras son privadas, est\u00e1n climatizadas y poseen minibar abastecido con jugos y bebidas que te resultar\u00e1n refrescantes en nuestro clima caribe\u00f1o. Para mayor confort cada habitaci\u00f3n posee su propio ba\u00f1o con toallas blancas, secador de pelo, ducha y grifo con agua fr\u00eda y caliente y art\u00edculos de primer nivel.<\/div>\r\n        <\/div>\r\n    <\/div>\r\n<div class=\"vc_empty_space\"   style=\"height: 32px\"><span class=\"vc_empty_space_inner\"><\/span><\/div>    <div class=\"content-text padding-0 st-default\">\r\n        <div class=\"st-text-center\">\r\n            <h2 class=\"text-center\">Te sentir\u00e1s como en casa y comenzar\u00e1s tu d\u00eda con energ\u00edas<\/h2>\r\n            <div class=\"box__separator  hidden-thumb\"><\/div>\r\n            <div class=\"text-center\">Al levantarte, sin salir del hospedaje, te estaremos dando los \u00a1buenos d\u00edas! con un desayuno abundante servido en vajilla antigua. Te deleitar\u00e1s probando los trozos de frutas frescas, jugos, leche, huevos, pan, el caf\u00e9 fuerte cubano y mucho m\u00e1s.<\/div>\r\n        <\/div>\r\n    <\/div>\r\n<div class=\"vc_empty_space\"   style=\"height: 32px\"><span class=\"vc_empty_space_inner\"><\/span><\/div><\/div>\n\t<\/div> \n<\/div><!--End .row--><\/div><!--End .container--><\/div><div class=\"vc_row wpb_row st bg-holder\"><div class='container'><div class='row'>\n\t<div class=\"wpb_column column_container col-md-12\"><div class=\"vc_column-inner wpb_wrapper\">\n\t\t\t    <div class=\"row\" style=\"margin-top: 30px;\">\r\n                                <div class=\"col-lg-4 col-md-4 col-sm-4 col-xs-12\">\r\n                            <div class=\"item-room\">\r\n                                <a href=\"https:\/\/havanaindoors.net\/es\/hotel_room\/standard-room-1\/?check_in=10\/05\/2026&#038;check_out=11\/05\/2026&#038;room_number=1&#038;room_num_search=1&#038;adults=1&#038;children=0&#038;adult_number=1&#038;child_number=0\" title=\"Habitaci\u00f3n Est\u00e1ndar #1\">\r\n                                    <div class=\"img-thumnail\">\r\n                                        <img fetchpriority=\"high\" decoding=\"async\" width=\"370\" height=\"370\" src=\"https:\/\/havanaindoors.net\/wp-content\/uploads\/2015\/02\/Fulvio-Bugani-Havana-indoors-30-370x370.jpg\" class=\"attachment-370x370x1 size-370x370x1 wp-post-image\" alt=\"casa particular in Havana\" title=\"\">                                    <\/div>\r\n                                    <div class=\"info-item\">\r\n                                        <div class=\"info\">\r\n                                        <span class=\"price\">From                                            \u20ac40.00                                        <\/span>\r\n                                            <h4>Habitaci\u00f3n Est\u00e1ndar #1<\/h4>\r\n                                        <\/div>\r\n                                    <\/div>\r\n                                <\/a>\r\n                            <\/div>\r\n                        <\/div>\r\n                                                <div class=\"col-lg-4 col-md-4 col-sm-4 col-xs-12\">\r\n                            <div class=\"item-room\">\r\n                                <a href=\"https:\/\/havanaindoors.net\/es\/hotel_room\/suite-room-2\/?check_in=10\/05\/2026&#038;check_out=11\/05\/2026&#038;room_number=1&#038;room_num_search=1&#038;adults=1&#038;children=0&#038;adult_number=1&#038;child_number=0\" title=\"Habitaci\u00f3n Suite #2\">\r\n                                    <div class=\"img-thumnail\">\r\n                                        <img decoding=\"async\" width=\"370\" height=\"370\" src=\"https:\/\/havanaindoors.net\/wp-content\/uploads\/2015\/02\/Fulvio-Bugani-Havana-indoors-26-370x370.jpg\" class=\"attachment-370x370x1 size-370x370x1 wp-post-image\" alt=\"Accommodation in Cuba\" title=\"\">                                    <\/div>\r\n                                    <div class=\"info-item\">\r\n                                        <div class=\"info\">\r\n                                        <span class=\"price\">From                                            \u20ac60.00                                        <\/span>\r\n                                            <h4>Habitaci\u00f3n Suite #2<\/h4>\r\n                                        <\/div>\r\n                                    <\/div>\r\n                                <\/a>\r\n                            <\/div>\r\n                        <\/div>\r\n                                                <div class=\"col-lg-4 col-md-4 col-sm-4 col-xs-12\">\r\n                            <div class=\"item-room\">\r\n                                <a href=\"https:\/\/havanaindoors.net\/es\/hotel_room\/superior-roon-3\/?check_in=10\/05\/2026&#038;check_out=11\/05\/2026&#038;room_number=1&#038;room_num_search=1&#038;adults=1&#038;children=0&#038;adult_number=1&#038;child_number=0\" title=\"Habitaci\u00f3n Superior #3\">\r\n                                    <div class=\"img-thumnail\">\r\n                                        <img decoding=\"async\" width=\"370\" height=\"370\" src=\"https:\/\/havanaindoors.net\/wp-content\/uploads\/2025\/06\/IMG_20240316_112723-1-scaled-370x370.jpg\" class=\"attachment-370x370x1 size-370x370x1 wp-post-image\" alt=\"Hostal de Lujo en la Habana\" srcset=\"https:\/\/havanaindoors.net\/wp-content\/uploads\/2025\/06\/IMG_20240316_112723-1-scaled-370x370.jpg 370w, https:\/\/havanaindoors.net\/wp-content\/uploads\/2025\/06\/IMG_20240316_112723-1-300x300.jpg 300w, https:\/\/havanaindoors.net\/wp-content\/uploads\/2025\/06\/IMG_20240316_112723-1-1024x1024.jpg 1024w, https:\/\/havanaindoors.net\/wp-content\/uploads\/2025\/06\/IMG_20240316_112723-1-150x150.jpg 150w, https:\/\/havanaindoors.net\/wp-content\/uploads\/2025\/06\/IMG_20240316_112723-1-1536x1536.jpg 1536w, https:\/\/havanaindoors.net\/wp-content\/uploads\/2025\/06\/IMG_20240316_112723-1-2048x2048.jpg 2048w, https:\/\/havanaindoors.net\/wp-content\/uploads\/2025\/06\/IMG_20240316_112723-1-scaled-266x266.jpg 266w, https:\/\/havanaindoors.net\/wp-content\/uploads\/2025\/06\/IMG_20240316_112723-1-scaled-60x60.jpg 60w, https:\/\/havanaindoors.net\/wp-content\/uploads\/2025\/06\/IMG_20240316_112723-1-scaled-600x600.jpg 600w\" sizes=\"(max-width: 370px) 100vw, 370px\" title=\"\">                                    <\/div>\r\n                                    <div class=\"info-item\">\r\n                                        <div class=\"info\">\r\n                                        <span class=\"price\">From                                            \u20ac50.00                                        <\/span>\r\n                                            <h4>Habitaci\u00f3n Superior #3<\/h4>\r\n                                        <\/div>\r\n                                    <\/div>\r\n                                <\/a>\r\n                            <\/div>\r\n                        <\/div>\r\n                                                <div class=\"col-lg-4 col-md-4 col-sm-4 col-xs-12\">\r\n                            <div class=\"item-room\">\r\n                                <a href=\"https:\/\/havanaindoors.net\/es\/hotel_room\/standard-double-4\/?check_in=10\/05\/2026&#038;check_out=11\/05\/2026&#038;room_number=1&#038;room_num_search=1&#038;adults=1&#038;children=0&#038;adult_number=1&#038;child_number=0\" title=\"Habitaci\u00f3n est\u00e1ndar doble #4\">\r\n                                    <div class=\"img-thumnail\">\r\n                                        <img loading=\"lazy\" decoding=\"async\" width=\"370\" height=\"370\" src=\"https:\/\/havanaindoors.net\/wp-content\/uploads\/2015\/02\/Fulvio-Bugani-Havana-indoors-22-370x370.jpg\" class=\"attachment-370x370x1 size-370x370x1 wp-post-image\" alt=\"Room for rent in Havana\" title=\"\">                                    <\/div>\r\n                                    <div class=\"info-item\">\r\n                                        <div class=\"info\">\r\n                                        <span class=\"price\">From                                            \u20ac40.00                                        <\/span>\r\n                                            <h4>Habitaci\u00f3n est\u00e1ndar doble #4<\/h4>\r\n                                        <\/div>\r\n                                    <\/div>\r\n                                <\/a>\r\n                            <\/div>\r\n                        <\/div>\r\n                                                <div class=\"col-lg-4 col-md-4 col-sm-4 col-xs-12\">\r\n                            <div class=\"item-room\">\r\n                                <a href=\"https:\/\/havanaindoors.net\/es\/hotel_room\/suite-room-5\/?check_in=10\/05\/2026&#038;check_out=11\/05\/2026&#038;room_number=1&#038;room_num_search=1&#038;adults=1&#038;children=0&#038;adult_number=1&#038;child_number=0\" title=\"Habitaci\u00f3n Suite #5\">\r\n                                    <div class=\"img-thumnail\">\r\n                                        <img loading=\"lazy\" decoding=\"async\" width=\"370\" height=\"370\" src=\"https:\/\/havanaindoors.net\/wp-content\/uploads\/2015\/02\/Fulvio-Bugani-Havana-indoors-21-370x370.jpg\" class=\"attachment-370x370x1 size-370x370x1 wp-post-image\" alt=\"Casa particular in Vedado\" title=\"\">                                    <\/div>\r\n                                    <div class=\"info-item\">\r\n                                        <div class=\"info\">\r\n                                        <span class=\"price\">From                                            \u20ac60.00                                        <\/span>\r\n                                            <h4>Habitaci\u00f3n Suite #5<\/h4>\r\n                                        <\/div>\r\n                                    <\/div>\r\n                                <\/a>\r\n                            <\/div>\r\n                        <\/div>\r\n                                                <div class=\"col-lg-4 col-md-4 col-sm-4 col-xs-12\">\r\n                            <div class=\"item-room\">\r\n                                <a href=\"https:\/\/havanaindoors.net\/es\/hotel_room\/standard-room-7\/?check_in=10\/05\/2026&#038;check_out=11\/05\/2026&#038;room_number=1&#038;room_num_search=1&#038;adults=1&#038;children=0&#038;adult_number=1&#038;child_number=0\" title=\"Habitaci\u00f3n Superior #7\">\r\n                                    <div class=\"img-thumnail\">\r\n                                        <img loading=\"lazy\" decoding=\"async\" width=\"370\" height=\"370\" src=\"https:\/\/havanaindoors.net\/wp-content\/uploads\/2015\/02\/Fulvio-Bugani-Havana-indoors-25-370x370.jpg\" class=\"attachment-370x370x1 size-370x370x1 wp-post-image\" alt=\"Hostal de Lujo en la Habana\" title=\"\">                                    <\/div>\r\n                                    <div class=\"info-item\">\r\n                                        <div class=\"info\">\r\n                                        <span class=\"price\">From                                            \u20ac50.00                                        <\/span>\r\n                                            <h4>Habitaci\u00f3n Superior #7<\/h4>\r\n                                        <\/div>\r\n                                    <\/div>\r\n                                <\/a>\r\n                            <\/div>\r\n                        <\/div>\r\n                                                <div class=\"col-lg-4 col-md-4 col-sm-4 col-xs-12\">\r\n                            <div class=\"item-room\">\r\n                                <a href=\"https:\/\/havanaindoors.net\/es\/hotel_room\/superior-room-8\/?check_in=10\/05\/2026&#038;check_out=11\/05\/2026&#038;room_number=1&#038;room_num_search=1&#038;adults=1&#038;children=0&#038;adult_number=1&#038;child_number=0\" title=\"Habitaci\u00f3n Superior #8\">\r\n                                    <div class=\"img-thumnail\">\r\n                                        <img loading=\"lazy\" decoding=\"async\" width=\"370\" height=\"370\" src=\"https:\/\/havanaindoors.net\/wp-content\/uploads\/2015\/02\/Fulvio-Bugani-Havana-indoors-32-370x370.jpg\" class=\"attachment-370x370x1 size-370x370x1 wp-post-image\" alt=\"lodging in Havana\" title=\"\">                                    <\/div>\r\n                                    <div class=\"info-item\">\r\n                                        <div class=\"info\">\r\n                                        <span class=\"price\">From                                            \u20ac50.00                                        <\/span>\r\n                                            <h4>Habitaci\u00f3n Superior #8<\/h4>\r\n                                        <\/div>\r\n                                    <\/div>\r\n                                <\/a>\r\n                            <\/div>\r\n                        <\/div>\r\n                                                <div class=\"col-lg-4 col-md-4 col-sm-4 col-xs-12\">\r\n                            <div class=\"item-room\">\r\n                                <a href=\"https:\/\/havanaindoors.net\/es\/hotel_room\/standard-room-9\/?check_in=10\/05\/2026&#038;check_out=11\/05\/2026&#038;room_number=1&#038;room_num_search=1&#038;adults=1&#038;children=0&#038;adult_number=1&#038;child_number=0\" title=\"Habitaci\u00f3n Est\u00e1ndar #9\">\r\n                                    <div class=\"img-thumnail\">\r\n                                        <img loading=\"lazy\" decoding=\"async\" width=\"370\" height=\"370\" src=\"https:\/\/havanaindoors.net\/wp-content\/uploads\/2023\/02\/HavanaIndoors-Room-9-1-scaled-370x370.jpg\" class=\"attachment-370x370x1 size-370x370x1 wp-post-image\" alt=\"Accommodation in Havana\" title=\"\">                                    <\/div>\r\n                                    <div class=\"info-item\">\r\n                                        <div class=\"info\">\r\n                                        <span class=\"price\">From                                            \u20ac35.00                                        <\/span>\r\n                                            <h4>Habitaci\u00f3n Est\u00e1ndar #9<\/h4>\r\n                                        <\/div>\r\n                                    <\/div>\r\n                                <\/a>\r\n                            <\/div>\r\n                        <\/div>\r\n                                                <div class=\"col-lg-4 col-md-4 col-sm-4 col-xs-12\">\r\n                            <div class=\"item-room\">\r\n                                <a href=\"https:\/\/havanaindoors.net\/es\/hotel_room\/casa_completa\/?check_in=10\/05\/2026&#038;check_out=11\/05\/2026&#038;room_number=1&#038;room_num_search=1&#038;adults=1&#038;children=0&#038;adult_number=1&#038;child_number=0\" title=\"Hotel boutique con 9 habitaciones\">\r\n                                    <div class=\"img-thumnail\">\r\n                                        <img loading=\"lazy\" decoding=\"async\" width=\"370\" height=\"370\" src=\"https:\/\/havanaindoors.net\/wp-content\/uploads\/2015\/02\/Fulvio-Bugani-Havana-indoors-3-370x370.jpg\" class=\"attachment-370x370x1 size-370x370x1 wp-post-image\" alt=\"Casa particular en el Vedado, La Habana, Cuba\" title=\"\">                                    <\/div>\r\n                                    <div class=\"info-item\">\r\n                                        <div class=\"info\">\r\n                                        <span class=\"price\">From                                            \u20ac425.00                                        <\/span>\r\n                                            <h4>Hotel boutique con 9 habitaciones<\/h4>\r\n                                        <\/div>\r\n                                    <\/div>\r\n                                <\/a>\r\n                            <\/div>\r\n                        <\/div>\r\n                            <\/div>\r\n    <\/div>\n\t<\/div> \n<\/div><!--End .row--><\/div><!--End .container--><\/div>\n<\/section>","protected":false},"excerpt":{"rendered":"\u201cA luxury accommodation from which to get to know Havana\u201d. We propose several rooms on the top floor of a neocolonial mansion from 1936 in Vedado. The house was restored to its original splendor and has spacious common areas, a hall-hall, a living-dining room and a terrace. If your reservation is for 5 days or [...]","protected":false},"author":1,"featured_media":10184,"parent":0,"menu_order":0,"comment_status":"closed","ping_status":"closed","template":"template-single-hotel-modern.php","meta":{"pagelayer_contact_templates":[],"_pagelayer_content":"","_uf_show_specific_survey":0,"_uf_disable_surveys":false,"_joinchat":[],"footnotes":""},"class_list":["post-11205","page","type-page","status-publish","has-post-thumbnail","hentry"],"_links":{"self":[{"href":"https:\/\/havanaindoors.net\/es\/wp-json\/wp\/v2\/pages\/11205","targetHints":{"allow":["GET"]}}],"collection":[{"href":"https:\/\/havanaindoors.net\/es\/wp-json\/wp\/v2\/pages"}],"about":[{"href":"https:\/\/havanaindoors.net\/es\/wp-json\/wp\/v2\/types\/page"}],"author":[{"embeddable":true,"href":"https:\/\/havanaindoors.net\/es\/wp-json\/wp\/v2\/users\/1"}],"replies":[{"embeddable":true,"href":"https:\/\/havanaindoors.net\/es\/wp-json\/wp\/v2\/comments?post=11205"}],"version-history":[{"count":0,"href":"https:\/\/havanaindoors.net\/es\/wp-json\/wp\/v2\/pages\/11205\/revisions"}],"wp:featuredmedia":[{"embeddable":true,"href":"https:\/\/havanaindoors.net\/es\/wp-json\/wp\/v2\/media\/10184"}],"wp:attachment":[{"href":"https:\/\/havanaindoors.net\/es\/wp-json\/wp\/v2\/media?parent=11205"}],"curies":[{"name":"wp","href":"https:\/\/api.w.org\/{rel}","templated":true}]}}