{"id":8028,"date":"2018-12-10T03:06:47","date_gmt":"2018-12-10T03:06:47","guid":{"rendered":"http:\/\/travelhotel.wpengine.com\/?page_id=8028"},"modified":"2023-07-27T21:51:27","modified_gmt":"2023-07-27T21:51:27","slug":"about-us","status":"publish","type":"page","link":"https:\/\/havanaindoors.net\/es\/about-us\/","title":{"rendered":"Sobre Nosotros"},"content":{"rendered":"<section class=\"wpb-content-wrapper\"><div id=\"idabout\" class=\"vc_row wpb_row st bg-holder\"><div class='container'><div class='row'>\n\t<div class=\"wpb_column column_container col-md-8\"><div class=\"vc_column-inner wpb_wrapper\">\n\t\t\t                    <div class=\"content-text\">\r\n                <div class=\"st-text-center style-1\">\r\n                    <h2 class=\"text-center\">Sobre nuestro hotel boutique Havana Indoors 1936<\/h2>\r\n                    <div class=\"box__separator  hidden-thumb\">\r\n                    <\/div>\r\n                    <p class=\"text-center\">Havana Indoors es una casa particular restaurada con mimo sin renunciar a su estilo neocolonial de 1936.<\/p>\n<p>Tiene una entrada independiente que da acceso a las escaleras que conducen al segundo piso donde ser\u00e1 recibido en la sala de estar-recepci\u00f3n.<\/p>\n<p>Nuestra sala con su vitrina-bar vintage es una tentaci\u00f3n para los sentidos. All\u00ed, entre tragos y conversaciones amenas descubrir\u00e1s el sabor de la aut\u00e9ntica cuba.<\/p>\n<p>La zona del comedor hace, a su vez, de sal\u00f3n de trabajo. Es un lugar amplio con mesas de maderas torneadas, en el que encontrar\u00e1s la tranquilidad que se necesita para trabajar.<\/p>\n<p>Y cuando caiga el sol, en la terraza no techada disfrutar\u00e1s del fresco de la tarde y ver\u00e1s c\u00f3mo la ciudad y su gente se preparan para la vida nocturna. En este espacio al aire libre, podr\u00e1s probar bebidas como el mojito cubano mientras compartes tus experiencias con otros viajeros.<\/p>\r\n                                    <\/div>\r\n            <\/div>\r\n                <\/div>\n\t<\/div> \n\n\t<div class=\"wpb_column column_container col-md-4\"><div class=\"vc_column-inner wpb_wrapper\">\n\t\t\t<style type=\"text\/css\" media=\"screen\">\r\n\t.item.bg-icon-st{\r\n\r\n\t}\r\n\r\n<\/style>\r\n\r\n<div class=\"list-group  st-gallery-grid poup-galler-st\">\r\n    \t\t        <div class=\"item  bg-icon-st\" >\r\n\t            <div class=\"thumbnail\">\r\n\t                <a class=\"galleryItem\" href=\"https:\/\/havanaindoors.net\/wp-content\/uploads\/2023\/02\/Havana-Indoors-repisa.jpeg\" data-group=\"grid\" title=\"\"><img decoding=\"async\" class=\"group list-group-image\" src=\"https:\/\/havanaindoors.net\/wp-content\/uploads\/2023\/02\/Havana-Indoors-repisa.jpeg\" alt=\"Havana Indoors repisa\" style=\"min-height: 450px;\" title=\"\"><\/a>\r\n\t            <\/div>\r\n\t        <\/div>\r\n\t    \t        <div class=\"item\"  style=\"display: none;\" >\r\n\t            <div class=\"thumbnail\">\r\n\t                <a class=\"galleryItem\" href=\"https:\/\/havanaindoors.net\/wp-content\/uploads\/2023\/02\/Havana-Indoors-gavetero.jpeg\" data-group=\"grid\" title=\"\"><img decoding=\"async\" class=\"group list-group-image\" src=\"https:\/\/havanaindoors.net\/wp-content\/uploads\/2023\/02\/Havana-Indoors-gavetero.jpeg\" alt=\"Havana Indoors gavetero\" style=\"min-height: 450px;\" title=\"\"><\/a>\r\n\t            <\/div>\r\n\t        <\/div>\r\n\t    \t        <div class=\"item\"  style=\"display: none;\" >\r\n\t            <div class=\"thumbnail\">\r\n\t                <a class=\"galleryItem\" href=\"https:\/\/havanaindoors.net\/wp-content\/uploads\/2023\/02\/Havana-Indoors-lampara.jpeg\" data-group=\"grid\" title=\"\"><img decoding=\"async\" class=\"group list-group-image\" src=\"https:\/\/havanaindoors.net\/wp-content\/uploads\/2023\/02\/Havana-Indoors-lampara.jpeg\" alt=\"Havana Indoors lampara\" style=\"min-height: 450px;\" title=\"\"><\/a>\r\n\t            <\/div>\r\n\t        <\/div>\r\n\t    \t        <div class=\"item\"  style=\"display: none;\" >\r\n\t            <div class=\"thumbnail\">\r\n\t                <a class=\"galleryItem\" href=\"https:\/\/havanaindoors.net\/wp-content\/uploads\/2023\/02\/Havana-Indoors-Hostal.jpeg\" data-group=\"grid\" title=\"\"><img decoding=\"async\" class=\"group list-group-image\" src=\"https:\/\/havanaindoors.net\/wp-content\/uploads\/2023\/02\/Havana-Indoors-Hostal.jpeg\" alt=\"Havana Indoors Hostal\" style=\"min-height: 450px;\" title=\"\"><\/a>\r\n\t            <\/div>\r\n\t        <\/div>\r\n\t    \t        <div class=\"item\"  style=\"display: none;\" >\r\n\t            <div class=\"thumbnail\">\r\n\t                <a class=\"galleryItem\" href=\"https:\/\/havanaindoors.net\/wp-content\/uploads\/2023\/02\/Havana-Indoors-Entrada.jpeg\" data-group=\"grid\" title=\"\"><img decoding=\"async\" class=\"group list-group-image\" src=\"https:\/\/havanaindoors.net\/wp-content\/uploads\/2023\/02\/Havana-Indoors-Entrada.jpeg\" alt=\"Havana Indoors Entrada\" style=\"min-height: 450px;\" title=\"\"><\/a>\r\n\t            <\/div>\r\n\t        <\/div>\r\n\t    \t        <div class=\"item\"  style=\"display: none;\" >\r\n\t            <div class=\"thumbnail\">\r\n\t                <a class=\"galleryItem\" href=\"https:\/\/havanaindoors.net\/wp-content\/uploads\/2023\/02\/Havana-Indoors-escaleras-terraza.jpeg\" data-group=\"grid\" title=\"\"><img decoding=\"async\" class=\"group list-group-image\" src=\"https:\/\/havanaindoors.net\/wp-content\/uploads\/2023\/02\/Havana-Indoors-escaleras-terraza.jpeg\" alt=\"Havana Indoors escaleras terraza\" style=\"min-height: 450px;\" title=\"\"><\/a>\r\n\t            <\/div>\r\n\t        <\/div>\r\n\t    \t    <div class=\"poup-galler-sticon-gallery gallery-st-popup\">\r\n\t    \t<svg>\r\n\t\t\t  <circle id='gallery_shape' cx='64' cy='64' r='32' stroke-dasharray='1000' stroke-dashoffset='1000'\/>\r\n\t\t\t<\/svg>\r\n\t    <\/div>\r\n\t    <div class=\"poup-galler-sticon-gallery gallery-st-popup\">\r\n\t    \t<img decoding=\"async\" src=\"https:\/\/havanaindoors.net\/wp-content\/themes\/traveler\/v2\/images\/assets\/ico_gallery.svg\" alt=\"\" title=\"\">\r\n\t    <\/div>\r\n\r\n    <\/div>\r\n\r\n    <script type=\"text\/javascript\">\r\n    \tjQuery(function($) {\r\n    \t\t$('.poup-galler-sticon-gallery.gallery-st-popup').on('click', function(){\r\n    \t\t\t$('.poup-galler-st .bg-icon-st .list-group-image').trigger('click');\r\n    \t\t});\r\n\r\n    \t\tvar groups = {};\r\n\t\t\t$('.list-group.st-gallery-grid .item').each(function() {\r\n\t\t\t    var id = parseInt($(this).attr('data-group'), 10);\r\n\t\t\t\tif(!groups[id]) {\r\n\t\t\t    \tgroups[id] = [];\r\n\t\t\t\t}\r\n\r\n\t\t\t\tgroups[id].push( this );\r\n\t\t\t});\r\n\r\n\r\n\t\t\t$.each(groups, function() {\r\n\r\n\t\t\t  $(this).find(\".galleryItem\").magnificPopup({\r\n\t\t\t      type: 'image',\r\n\t\t\t      closeOnContentClick: true,\r\n\t\t\t      closeBtnInside: false,\r\n\t\t\t      gallery: { enabled:true }\r\n\t\t\t  })\r\n\t\t\t});\r\n\t\t\tvar shape = document.getElementById('gallery_shape');\r\n\t\t\tsetTimeout(function () {\r\n\t\t\t  shape.setAttribute('stroke-dashoffset', 0);\r\n\t\t\t  jQuery('#gallery_shape').addClass('st-opacity');\r\n\t\t\t}, 0);\r\n\t    });\r\n    <\/script>\r\n<\/div>\n\t<\/div> \n<\/div><!--End .row--><\/div><!--End .container--><\/div><div id=\"idDetails\" class=\"vc_row wpb_row st bg-holder\"><div class='container'><div class='row'>\n\t<div class=\"wpb_column column_container col-md-12\"><div class=\"vc_column-inner wpb_wrapper\">\n\t\t\t<div class=\"vc_empty_space\"   style=\"height: 32px\"><span class=\"vc_empty_space_inner\"><\/span><\/div><div class=\"vc_separator wpb_content_element vc_separator_align_center vc_sep_width_100 vc_sep_pos_align_center vc_separator_no_text vc_sep_color_grey\" ><span class=\"vc_sep_holder vc_sep_holder_l\"><span class=\"vc_sep_line\"><\/span><\/span><span class=\"vc_sep_holder vc_sep_holder_r\"><span class=\"vc_sep_line\"><\/span><\/span>\n<\/div><div class=\"vc_empty_space\"   style=\"height: 32px\"><span class=\"vc_empty_space_inner\"><\/span><\/div>\n\t<div class=\"wpb_text_column wpb_content_element\" >\n\t\t<div class=\"wpb_wrapper\">\n\t\t\t<blockquote><p>\nEn nuestro alojamiento, cada detalle contribuye a tu bienestar\n<\/p><\/blockquote>\n<ul>\n<li>La amplitud de sus habitaciones te permitir\u00e1 compartir con el resto de hu\u00e9spedes sin sentirte abarrotado.<\/li>\n<li>Los grandes ventanales hacen de cada estancia un espacio por el que penetra el aire y la luz natural. Sin duda, estos ser\u00e1n algunos de los atributos que m\u00e1s valorar\u00e1s en este clima tropical.<\/li>\n<li>Los suelos de baldosas originales hechos a mano, los techos altos y los candelabros colgantes conservados te transportan a una \u00e9poca pasada.<\/li>\n<li>El arte es la joya que distingue cada rinc\u00f3n de la casa \u2013desde pedestales custodiados por esculturas hasta cuadros de artistas cubanos expuestos en las paredes\u2013 un regalo para el alma y el motivo ideal para el descanso.<\/li>\n<\/ul>\n\n\t\t<\/div>\n\t<\/div>\n<\/div>\n\t<\/div> \n<\/div><!--End .row--><\/div><!--End .container--><\/div>\n<\/section>","protected":false},"excerpt":{"rendered":"About our boutique hotel Havana Indoors 1936 Havana Indoors is a private house restored with care without renouncing to its neocolonial style of 1936. It has a separate entrance that gives access to the stairs leading to the second floor where you will be welcomed in the living room-reception room. Our lounge with its vintage [...]","protected":false},"author":1,"featured_media":11064,"parent":0,"menu_order":0,"comment_status":"closed","ping_status":"closed","template":"template-single-hotel-modern.php","meta":{"pagelayer_contact_templates":[],"_pagelayer_content":"","_uf_show_specific_survey":0,"_uf_disable_surveys":false,"_joinchat":[],"footnotes":""},"class_list":["post-8028","page","type-page","status-publish","has-post-thumbnail","hentry"],"_links":{"self":[{"href":"https:\/\/havanaindoors.net\/es\/wp-json\/wp\/v2\/pages\/8028","targetHints":{"allow":["GET"]}}],"collection":[{"href":"https:\/\/havanaindoors.net\/es\/wp-json\/wp\/v2\/pages"}],"about":[{"href":"https:\/\/havanaindoors.net\/es\/wp-json\/wp\/v2\/types\/page"}],"author":[{"embeddable":true,"href":"https:\/\/havanaindoors.net\/es\/wp-json\/wp\/v2\/users\/1"}],"replies":[{"embeddable":true,"href":"https:\/\/havanaindoors.net\/es\/wp-json\/wp\/v2\/comments?post=8028"}],"version-history":[{"count":0,"href":"https:\/\/havanaindoors.net\/es\/wp-json\/wp\/v2\/pages\/8028\/revisions"}],"wp:featuredmedia":[{"embeddable":true,"href":"https:\/\/havanaindoors.net\/es\/wp-json\/wp\/v2\/media\/11064"}],"wp:attachment":[{"href":"https:\/\/havanaindoors.net\/es\/wp-json\/wp\/v2\/media?parent=8028"}],"curies":[{"name":"wp","href":"https:\/\/api.w.org\/{rel}","templated":true}]}}